{"id":256694,"date":"2024-07-04T13:36:40","date_gmt":"2024-07-04T17:36:40","guid":{"rendered":"https:\/\/abainter.com\/?post_type=product&#038;p=256694"},"modified":"2024-09-01T22:31:59","modified_gmt":"2024-09-02T02:31:59","slug":"rbt-curso-revision-intensiva","status":"publish","type":"product","link":"https:\/\/abainter.com\/es\/producto\/rbt-curso-revision-intensiva\/","title":{"rendered":"RBT Intensive Review Course"},"content":{"rendered":"<p><strong>Caracter\u00edsticas del curso:<\/strong><\/p>\n<p><strong>Instrucci\u00f3n experta:<\/strong> Aprenda de los experimentados Analistas del Comportamiento Certificados por la Junta (BCBAs) que se especializan en la formaci\u00f3n RBT y preparaci\u00f3n de ex\u00e1menes.<\/p>\n<p><strong>Contenido exhaustivo:<\/strong> Cubre todos los puntos de la Lista de Tareas RBT a fondo, incluyendo la \u00e9tica, la medici\u00f3n, la evaluaci\u00f3n, la adquisici\u00f3n de habilidades, la reducci\u00f3n de la conducta, la documentaci\u00f3n y la conducta profesional.<\/p>\n<p><strong>Aprendizaje interactivo:<\/strong> Participe en debates, sesiones de preguntas y respuestas y actividades interactivas para mejorar la comprensi\u00f3n y retenci\u00f3n de los conceptos clave.<\/p>\n<p><strong>Preguntas de pr\u00e1ctica:<\/strong> Revise las preguntas de pr\u00e1ctica y los escenarios para familiarizarse con el formato y los tipos de preguntas del examen RBT.<\/p>\n<p><strong>Estrategias de examen:<\/strong> Obtenga valiosos consejos y estrategias para abordar el examen RBT con confianza.<\/p>\n<p><strong>A qui\u00e9n va dirigido:<\/strong> Este curso es ideal para las personas que se preparan para tomar el examen RBT o aquellos que buscan una revisi\u00f3n completa de los principios y pr\u00e1cticas de ABA. Tanto si eres nuevo en ABA como si buscas mejorar tus conocimientos, este curso intensivo de repaso te proporcionar\u00e1 las habilidades y la confianza para tener \u00e9xito.<\/p>\n","protected":false},"excerpt":{"rendered":"<p>\u00danase a nosotros para un curso intensivo y completo de revisi\u00f3n dise\u00f1ado para prepararle para el examen de certificaci\u00f3n de T\u00e9cnico Registrado en Comportamiento (RBT). Este curso cubrir\u00e1 todas las \u00e1reas de contenido esenciales delineadas por la Junta de Certificaci\u00f3n de Analistas de Comportamiento (BACB), centr\u00e1ndose en los principios y pr\u00e1cticas del An\u00e1lisis de Comportamiento Aplicado (ABA).<\/p>\n<p>&nbsp;<\/p>\n<p>&nbsp;<\/p>\n<p>&nbsp;<\/p>\n","protected":false},"featured_media":256696,"template":"","meta":{"_et_pb_use_builder":"off","_et_pb_old_content":"La Lista de Tareas del T\u00e9cnico Registrado en Conducta (RBT\u00ae) de la BACB contiene las principales tareas de las que son responsables los RBT en el consejo y durante la pr\u00e1ctica. Este curso est\u00e1 dise\u00f1ado para proporcionar a los RBT las herramientas necesarias para familiarizarse con la lista de tareas y garantizar su competencia como t\u00e9cnicos conductuales. Al finalizar el curso, los RBT habr\u00e1n aprendido las bases de los requisitos de formaci\u00f3n y del examen.\r\n\r\nLa Lista de Tareas est\u00e1 organizada en las siguientes \u00e1reas de contenido primario: Medici\u00f3n, Evaluaci\u00f3n, Adquisici\u00f3n de Habilidades, Reducci\u00f3n de Conductas, Documentaci\u00f3n e Informes, y Conducta Profesional y \u00c1mbito de Pr\u00e1ctica.","_et_gb_content_width":""},"product_brand":[],"product_cat":[78],"product_tag":[],"class_list":{"0":"post-256694","1":"product","2":"type-product","3":"status-publish","4":"has-post-thumbnail","6":"product_cat-servicios","8":"first","9":"instock","10":"shipping-taxable","11":"purchasable","12":"product-type-simple"},"aioseo_notices":[],"_links":{"self":[{"href":"https:\/\/abainter.com\/es\/wp-json\/wp\/v2\/product\/256694","targetHints":{"allow":["GET"]}}],"collection":[{"href":"https:\/\/abainter.com\/es\/wp-json\/wp\/v2\/product"}],"about":[{"href":"https:\/\/abainter.com\/es\/wp-json\/wp\/v2\/types\/product"}],"wp:featuredmedia":[{"embeddable":true,"href":"https:\/\/abainter.com\/es\/wp-json\/wp\/v2\/media\/256696"}],"wp:attachment":[{"href":"https:\/\/abainter.com\/es\/wp-json\/wp\/v2\/media?parent=256694"}],"wp:term":[{"taxonomy":"product_brand","embeddable":true,"href":"https:\/\/abainter.com\/es\/wp-json\/wp\/v2\/product_brand?post=256694"},{"taxonomy":"product_cat","embeddable":true,"href":"https:\/\/abainter.com\/es\/wp-json\/wp\/v2\/product_cat?post=256694"},{"taxonomy":"product_tag","embeddable":true,"href":"https:\/\/abainter.com\/es\/wp-json\/wp\/v2\/product_tag?post=256694"}],"curies":[{"name":"wp","href":"https:\/\/api.w.org\/{rel}","templated":true}]}}