{"id":255193,"date":"2024-04-25T10:21:49","date_gmt":"2024-04-25T14:21:49","guid":{"rendered":"https:\/\/abainter.com\/?post_type=product&#038;p=255193"},"modified":"2024-04-26T10:40:45","modified_gmt":"2024-04-26T14:40:45","slug":"horas-de-supervision-del-trabajo-de-campo-para-bcaba","status":"publish","type":"product","link":"https:\/\/abainter.com\/es\/producto\/horas-de-supervision-del-trabajo-de-campo-para-bcaba\/","title":{"rendered":"Horas de supervisi\u00f3n del trabajo de campo para BCaBA"},"content":{"rendered":"<p>Compensaci\u00f3n:<\/p>\n<p>El FORMADOR pagar\u00e1 a la Empresa: 3250,00 $.<\/p>\n<p>Costes:<\/p>\n<p>La Empresa tiene derecho al reembolso del coste de los suministros directamente relacionados con los servicios prestados en virtud del presente contrato.<\/p>\n<p>Condiciones de pago:<\/p>\n<p>El pago vence el d\u00eda 5 de cada mes y es pagadero de la siguiente manera:<\/p>\n<p>-Primer pago (vence el d\u00eda 5 del mes): Pago de 1000 $, que cubre los 2,5 primeros meses del periodo de formaci\u00f3n. Este pago incluye un total de 20 horas de servicios prestados durante los primeros 2,5 meses, dividiendo cada formaci\u00f3n en 2 horas semanales durante un total de 10 semanas.<\/p>\n<p>-Pagos mensuales (5) (pago mensual que vence el d\u00eda 5 del mes): El aprendiz pagar\u00e1 400 $ mensuales durante los pr\u00f3ximos 5 meses, lo que hace un total de 2000 $. Esto cubre los servicios prestados durante este periodo que completar\u00e1 2 horas semanales. Para un total de 20 semanas.<\/p>\n<p>\u00daltimo pago (vence el d\u00eda 5 del mes): En el \u00faltimo mes de formaci\u00f3n, el alumno pagar\u00e1 250$ m\u00e1s. Esta cantidad se destinar\u00e1 a su paquete de formaci\u00f3n BCaBA en la empresa.<\/p>\n<p>Resumiendo:<\/p>\n<p>Mes 1: 1000 $ (pago \u00fanico) NO REEMBOLSABLES<br \/>\nMeses 3-7: 400 $ (pagos mensuales durante 5 meses)<br \/>\nMes 8: 250 $ (pago \u00fanico)<br \/>\nEste plan de pago distribuye el pago total de 3250 $ a lo largo de un periodo de 8 meses, con cantidades mensuales variables y un pago adicional en el \u00faltimo mes para el paquete de formaci\u00f3n BCBA.<\/p>\n","protected":false},"excerpt":{"rendered":"<p><strong>IMPORTANTE<\/strong>: Para obtener la evaluaci\u00f3n de competencia, el certificado del curso de 40 horas debe completarse en un plazo no inferior a 5 d\u00edas ni superior a 180 d\u00edas. Entre los requisitos adicionales se incluyen los siguientes: prueba del curso de 40 horas, certificado de educaci\u00f3n secundaria y comprobaci\u00f3n de antecedentes y huellas dactilares ANTES de concertar las citas para la evaluaci\u00f3n.<\/p>\n<p>&nbsp;<\/p>\n<p>&nbsp;<\/p>\n<p>&nbsp;<\/p>\n","protected":false},"featured_media":255191,"template":"","meta":{"_et_pb_use_builder":"off","_et_pb_old_content":"La Lista de Tareas del T\u00e9cnico Registrado en Conducta (RBT\u00ae) de la BACB contiene las principales tareas de las que son responsables los RBT en el consejo y durante la pr\u00e1ctica. Este curso est\u00e1 dise\u00f1ado para proporcionar a los RBT las herramientas necesarias para familiarizarse con la lista de tareas y garantizar su competencia como t\u00e9cnicos conductuales. Al finalizar el curso, los RBT habr\u00e1n aprendido las bases de los requisitos de formaci\u00f3n y del examen.\n\nLa Lista de Tareas est\u00e1 organizada en las siguientes \u00e1reas de contenido primario: Medici\u00f3n, Evaluaci\u00f3n, Adquisici\u00f3n de Habilidades, Reducci\u00f3n de Conductas, Documentaci\u00f3n e Informes, y Conducta Profesional y \u00c1mbito de Pr\u00e1ctica.","_et_gb_content_width":""},"product_brand":[],"product_cat":[78],"product_tag":[],"class_list":{"0":"post-255193","1":"product","2":"type-product","3":"status-publish","4":"has-post-thumbnail","6":"product_cat-servicios","8":"first","9":"instock","10":"virtual","11":"sold-individually","12":"purchasable","13":"product-type-course"},"aioseo_notices":[],"_links":{"self":[{"href":"https:\/\/abainter.com\/es\/wp-json\/wp\/v2\/product\/255193","targetHints":{"allow":["GET"]}}],"collection":[{"href":"https:\/\/abainter.com\/es\/wp-json\/wp\/v2\/product"}],"about":[{"href":"https:\/\/abainter.com\/es\/wp-json\/wp\/v2\/types\/product"}],"wp:featuredmedia":[{"embeddable":true,"href":"https:\/\/abainter.com\/es\/wp-json\/wp\/v2\/media\/255191"}],"wp:attachment":[{"href":"https:\/\/abainter.com\/es\/wp-json\/wp\/v2\/media?parent=255193"}],"wp:term":[{"taxonomy":"product_brand","embeddable":true,"href":"https:\/\/abainter.com\/es\/wp-json\/wp\/v2\/product_brand?post=255193"},{"taxonomy":"product_cat","embeddable":true,"href":"https:\/\/abainter.com\/es\/wp-json\/wp\/v2\/product_cat?post=255193"},{"taxonomy":"product_tag","embeddable":true,"href":"https:\/\/abainter.com\/es\/wp-json\/wp\/v2\/product_tag?post=255193"}],"curies":[{"name":"wp","href":"https:\/\/api.w.org\/{rel}","templated":true}]}}