{"id":248904,"date":"2023-03-29T02:38:43","date_gmt":"2023-03-29T06:38:43","guid":{"rendered":"https:\/\/abainter.com\/?post_type=product&#038;p=248904"},"modified":"2023-05-31T14:18:54","modified_gmt":"2023-05-31T18:18:54","slug":"curso-rbt-40-h-conferencias-a-su-ritmo-copy","status":"publish","type":"product","link":"https:\/\/abainter.com\/es\/producto\/curso-rbt-40-h-conferencias-a-su-ritmo-copy\/","title":{"rendered":"Evaluaci\u00f3n de la competencia RBT"},"content":{"rendered":"<p>Este servicio est\u00e1 dise\u00f1ado para aquellos que ya han completado y obtenido el certificado del curso RBT 40 HR y est\u00e1n listos para completar su evaluaci\u00f3n de competencia RBT.<\/p>\n<p>Un asesor calificado lo ayudar\u00e1 a completar la Evaluaci\u00f3n de Competencia RBT requerida. Recibir\u00e1 un correo electr\u00f3nico que describe los pasos y documentos que deben completarse antes de reunirse con el descriptor de accesos. Una vez completado, el descriptor de acceso certificado por la junta se comunicar\u00e1 con usted para programar una cita para completar las 20 tareas que se enumeran en la evaluaci\u00f3n.<\/p>\n","protected":false},"excerpt":{"rendered":"<p>Para obtener la evaluaci\u00f3n de competencias,el certificado de curso de 40 horas debe completarse en no menos de 5 d\u00edas y no m\u00e1s de 180 d\u00edas. Los requisitos adicionales incluyen lo siguiente: prueba de los cursos de 40 horas, certificado de escuela secundaria y verificaci\u00f3n de antecedentes \/ huellas dactilares ANTES de programar las citas de evaluaci\u00f3n.<\/p>\n<p>&nbsp;<\/p>\n<p>&nbsp;<\/p>\n<p>&nbsp;<\/p>\n","protected":false},"featured_media":249167,"template":"","meta":{"_et_pb_use_builder":"off","_et_pb_old_content":"La Lista de Tareas del T\u00e9cnico Registrado en Conducta (RBT\u00ae) de la BACB contiene las principales tareas de las que son responsables los RBT en el consejo y durante la pr\u00e1ctica. Este curso est\u00e1 dise\u00f1ado para proporcionar a los RBT las herramientas necesarias para familiarizarse con la lista de tareas y garantizar su competencia como t\u00e9cnicos conductuales. Al finalizar el curso, los RBT habr\u00e1n aprendido las bases de los requisitos de formaci\u00f3n y del examen.\r\n\r\nLa Lista de Tareas est\u00e1 organizada en las siguientes \u00e1reas de contenido primario: Medici\u00f3n, Evaluaci\u00f3n, Adquisici\u00f3n de Habilidades, Reducci\u00f3n de Conductas, Documentaci\u00f3n e Informes, y Conducta Profesional y \u00c1mbito de Pr\u00e1ctica.","_et_gb_content_width":""},"product_brand":[],"product_cat":[78],"product_tag":[],"class_list":{"0":"post-248904","1":"product","2":"type-product","3":"status-publish","4":"has-post-thumbnail","6":"product_cat-servicios","8":"first","9":"instock","10":"virtual","11":"sold-individually","12":"purchasable","13":"product-type-course"},"aioseo_notices":[],"_links":{"self":[{"href":"https:\/\/abainter.com\/es\/wp-json\/wp\/v2\/product\/248904","targetHints":{"allow":["GET"]}}],"collection":[{"href":"https:\/\/abainter.com\/es\/wp-json\/wp\/v2\/product"}],"about":[{"href":"https:\/\/abainter.com\/es\/wp-json\/wp\/v2\/types\/product"}],"wp:featuredmedia":[{"embeddable":true,"href":"https:\/\/abainter.com\/es\/wp-json\/wp\/v2\/media\/249167"}],"wp:attachment":[{"href":"https:\/\/abainter.com\/es\/wp-json\/wp\/v2\/media?parent=248904"}],"wp:term":[{"taxonomy":"product_brand","embeddable":true,"href":"https:\/\/abainter.com\/es\/wp-json\/wp\/v2\/product_brand?post=248904"},{"taxonomy":"product_cat","embeddable":true,"href":"https:\/\/abainter.com\/es\/wp-json\/wp\/v2\/product_cat?post=248904"},{"taxonomy":"product_tag","embeddable":true,"href":"https:\/\/abainter.com\/es\/wp-json\/wp\/v2\/product_tag?post=248904"}],"curies":[{"name":"wp","href":"https:\/\/api.w.org\/{rel}","templated":true}]}}