{"id":248611,"date":"2023-03-14T22:51:07","date_gmt":"2023-03-14T22:51:07","guid":{"rendered":"https:\/\/abainter.com\/?post_type=product&#038;p=248611"},"modified":"2024-08-01T21:35:19","modified_gmt":"2024-08-02T01:35:19","slug":"rbt-40-h-conferencias-en-linea-cara-a-cara","status":"publish","type":"product","link":"https:\/\/abainter.com\/es\/producto\/rbt-40-h-conferencias-en-linea-cara-a-cara\/","title":{"rendered":"RBT 40 H Conferencias presenciales en l\u00ednea"},"content":{"rendered":"<p>RBT&#8217;s con las herramientas necesarias para familiarizarse con la lista de tareas y asegurar su competencia como t\u00e9cnicos de comportamiento. Al finalizar el curso, los RBT habr\u00e1n aprendido las bases de los requisitos de formaci\u00f3n y del examen. La Lista de Tareas est\u00e1 organizada en las siguientes \u00e1reas de contenido primario: Medici\u00f3n, Evaluaci\u00f3n, Adquisici\u00f3n de Habilidades, Reducci\u00f3n de Conductas, Documentaci\u00f3n e Informes, y Conducta Profesional y \u00c1mbito de Pr\u00e1ctica.<\/p>\n","protected":false},"excerpt":{"rendered":"<p>La duraci\u00f3n de este curso es de 4 semanas durante las cuales la informaci\u00f3n se divide en los M\u00f3dulos A &#8211; F. A lo largo de estos m\u00f3dulos, los participantes se reunir\u00e1n con los instructores semanalmente v\u00eda zoom para un total de 40 horas lectivas y cubrir toda la informaci\u00f3n de la lista de tareas. Las clases se grabar\u00e1n y se guardar\u00e1n en el m\u00f3dulo para poder reproducirlas una vez finalizada la clase. Se podr\u00e1n descargar notas orientativas con respecto a cada lecci\u00f3n, lo que permitir\u00e1 al participante seguir al instructor. Cada v\u00eddeo incluir\u00e1 cuestionarios sorpresa para practicar m\u00e1s. Los profesores estar\u00e1n disponibles en horario de oficina, que puede programarse por correo electr\u00f3nico. Al final del curso se realizar\u00e1 un examen final, necesario para obtener el certificado de aprovechamiento.<\/p>\n<p>La Lista de Tareas del T\u00e9cnico Registrado en Conducta (RBT\u00ae) de la BACB contiene las principales tareas de las que son responsables los RBT en el consejo y durante la pr\u00e1ctica. Este curso est\u00e1 dise\u00f1ado para proporcionar.<\/p>\n<p>&nbsp;<\/p>\n<p>&nbsp;<\/p>\n<p>&nbsp;<\/p>\n","protected":false},"featured_media":262852,"template":"","meta":{"_et_pb_use_builder":"off","_et_pb_old_content":"La Lista de Tareas del T\u00e9cnico Registrado en Conducta (RBT\u00ae) de la BACB contiene las principales tareas de las que son responsables los RBT en el consejo y durante la pr\u00e1ctica. Este curso est\u00e1 dise\u00f1ado para proporcionar a los RBT las herramientas necesarias para familiarizarse con la lista de tareas y garantizar su competencia como t\u00e9cnicos conductuales. Al finalizar el curso, los RBT habr\u00e1n aprendido las bases de los requisitos de formaci\u00f3n y del examen.\r\n\r\nLa Lista de Tareas est\u00e1 organizada en las siguientes \u00e1reas de contenido primario: Medici\u00f3n, Evaluaci\u00f3n, Adquisici\u00f3n de Habilidades, Reducci\u00f3n de Conductas, Documentaci\u00f3n e Informes, y Conducta Profesional y \u00c1mbito de Pr\u00e1ctica.","_et_gb_content_width":""},"product_brand":[],"product_cat":[61],"product_tag":[],"class_list":{"0":"post-248611","1":"product","2":"type-product","3":"status-publish","4":"has-post-thumbnail","6":"product_cat-cursos-de-rbt-es","8":"first","9":"instock","10":"virtual","11":"sold-individually","12":"purchasable","13":"product-type-course"},"aioseo_notices":[],"_links":{"self":[{"href":"https:\/\/abainter.com\/es\/wp-json\/wp\/v2\/product\/248611","targetHints":{"allow":["GET"]}}],"collection":[{"href":"https:\/\/abainter.com\/es\/wp-json\/wp\/v2\/product"}],"about":[{"href":"https:\/\/abainter.com\/es\/wp-json\/wp\/v2\/types\/product"}],"wp:featuredmedia":[{"embeddable":true,"href":"https:\/\/abainter.com\/es\/wp-json\/wp\/v2\/media\/262852"}],"wp:attachment":[{"href":"https:\/\/abainter.com\/es\/wp-json\/wp\/v2\/media?parent=248611"}],"wp:term":[{"taxonomy":"product_brand","embeddable":true,"href":"https:\/\/abainter.com\/es\/wp-json\/wp\/v2\/product_brand?post=248611"},{"taxonomy":"product_cat","embeddable":true,"href":"https:\/\/abainter.com\/es\/wp-json\/wp\/v2\/product_cat?post=248611"},{"taxonomy":"product_tag","embeddable":true,"href":"https:\/\/abainter.com\/es\/wp-json\/wp\/v2\/product_tag?post=248611"}],"curies":[{"name":"wp","href":"https:\/\/api.w.org\/{rel}","templated":true}]}}