{"id":247752,"date":"2023-01-09T16:25:32","date_gmt":"2023-01-09T21:25:32","guid":{"rendered":"https:\/\/abainter.com\/?post_type=product&#038;p=247752"},"modified":"2023-05-31T14:49:27","modified_gmt":"2023-05-31T18:49:27","slug":"task-list-review-section-e-documentation-and-reporting","status":"publish","type":"product","link":"https:\/\/abainter.com\/es\/producto\/task-list-review-section-e-documentation-and-reporting\/","title":{"rendered":"Revisi\u00f3n de la lista de tareas Secci\u00f3n (E) Documentaci\u00f3n e informes"},"content":{"rendered":"<p>&#8211; La duraci\u00f3n de este curso es de 4 semanas durante las cuales la informaci\u00f3n se divide en 4 m\u00f3dulos. Los participantes se reunir\u00e1n con los instructores a trav\u00e9s de lecciones de zoom y tendr\u00e1n acceso a los m\u00f3dulos que cubren la informaci\u00f3n relativa a la secci\u00f3n de la hoja de ruta seleccionada. Las lecciones con zoom se grabar\u00e1n y se guardar\u00e1n en el m\u00f3dulo para la opci\u00f3n de reproducci\u00f3n una vez finalizada la lecci\u00f3n. Se podr\u00e1n descargar notas orientativas con respecto a cada lecci\u00f3n, lo que permitir\u00e1 al participante seguir al instructor. Cada m\u00f3dulo contendr\u00e1 tareas pr\u00e1cticas que podr\u00e1 realizar a su propio ritmo y que no se calificar\u00e1n. Los instructores estar\u00e1n disponibles en horario de oficina, que se comunicar\u00e1 por correo electr\u00f3nico.<\/p>\n","protected":false},"excerpt":{"rendered":"<p>&#8212; La Lista de Tareas del T\u00e9cnico Registrado en Conducta (RBT\u00ae) de la BACB contiene las principales tareas de las que son responsables los RBT en el consejo y durante la pr\u00e1ctica. Este curso est\u00e1 dise\u00f1ado para asegurar la competencia como t\u00e9cnicos de comportamiento y proporcionar a los RBT una revisi\u00f3n del elemento de la lista de tareas seleccionado como se indica a continuaci\u00f3n:<br \/>\nE-1 Comunicarse eficazmente con un supervisor de forma continua.<br \/>\nE-2 Buscar activamente la direcci\u00f3n cl\u00ednica del supervisor de manera oportuna.<br \/>\nE-3 Informar oportunamente de otras variables que puedan afectar al cliente.<br \/>\nE-4 Generar notas de sesi\u00f3n objetivas para la verificaci\u00f3n del servicio describiendo lo ocurrido durante las sesiones, de acuerdo con los requisitos legales, reglamentarios y del lugar de trabajo aplicables.<br \/>\nE-5 Cumplir con los requisitos legales, reglamentarios y de recopilaci\u00f3n de datos, almacenamiento, transporte y documentaci\u00f3n aplicables en el lugar de trabajo.<br \/>\n&#8211; La Lista de Tareas est\u00e1 organizada en las siguientes \u00e1reas de contenido primario: Medici\u00f3n, Evaluaci\u00f3n, Adquisici\u00f3n de Habilidades, Reducci\u00f3n de Conductas, Documentaci\u00f3n e Informes, y Conducta Profesional y \u00c1mbito de Pr\u00e1ctica.<\/p>\n","protected":false},"featured_media":249143,"template":"","meta":{"_et_pb_use_builder":"","_et_pb_old_content":"","_et_gb_content_width":""},"product_brand":[],"product_cat":[62],"product_tag":[],"class_list":{"0":"post-247752","1":"product","2":"type-product","3":"status-publish","4":"has-post-thumbnail","6":"product_cat-comentarios","8":"first","9":"instock","10":"downloadable","11":"virtual","12":"sold-individually","13":"purchasable","14":"product-type-course"},"aioseo_notices":[],"_links":{"self":[{"href":"https:\/\/abainter.com\/es\/wp-json\/wp\/v2\/product\/247752","targetHints":{"allow":["GET"]}}],"collection":[{"href":"https:\/\/abainter.com\/es\/wp-json\/wp\/v2\/product"}],"about":[{"href":"https:\/\/abainter.com\/es\/wp-json\/wp\/v2\/types\/product"}],"wp:featuredmedia":[{"embeddable":true,"href":"https:\/\/abainter.com\/es\/wp-json\/wp\/v2\/media\/249143"}],"wp:attachment":[{"href":"https:\/\/abainter.com\/es\/wp-json\/wp\/v2\/media?parent=247752"}],"wp:term":[{"taxonomy":"product_brand","embeddable":true,"href":"https:\/\/abainter.com\/es\/wp-json\/wp\/v2\/product_brand?post=247752"},{"taxonomy":"product_cat","embeddable":true,"href":"https:\/\/abainter.com\/es\/wp-json\/wp\/v2\/product_cat?post=247752"},{"taxonomy":"product_tag","embeddable":true,"href":"https:\/\/abainter.com\/es\/wp-json\/wp\/v2\/product_tag?post=247752"}],"curies":[{"name":"wp","href":"https:\/\/api.w.org\/{rel}","templated":true}]}}