{"id":247360,"date":"2022-12-01T18:07:10","date_gmt":"2022-12-01T23:07:10","guid":{"rendered":"https:\/\/abainter.com\/product\/curso-rbt-40-h\/"},"modified":"2023-05-31T15:11:59","modified_gmt":"2023-05-31T19:11:59","slug":"rbt-40-h-curso-revision","status":"publish","type":"product","link":"https:\/\/abainter.com\/es\/producto\/rbt-40-h-curso-revision\/","title":{"rendered":"Revisi\u00f3n del curso RBT 40 H"},"content":{"rendered":"<p>La Lista de Tareas del T\u00e9cnico Registrado en Conducta (RBT\u00ae) de la BACB contiene las principales tareas de las que son responsables los RBT en el consejo y durante la pr\u00e1ctica. Este curso est\u00e1 dise\u00f1ado para proporcionar a los RBT una revisi\u00f3n de las herramientas necesarias para familiarizarse con la lista de tareas y asegurar su competencia como t\u00e9cnicos de comportamiento. La Lista de Tareas est\u00e1 organizada en las siguientes \u00e1reas de contenido primario: Medici\u00f3n, Evaluaci\u00f3n, Adquisici\u00f3n de Habilidades, Reducci\u00f3n de Conductas, Documentaci\u00f3n e Informes, y Conducta Profesional y \u00c1mbito de Pr\u00e1ctica.<\/p>\n","protected":false},"excerpt":{"rendered":"<p>Estos repasos se han dise\u00f1ado para que se realicen a su propio ritmo e incluyen v\u00eddeos pregrabados de los m\u00f3dulos A &#8211; F de la lista de tareas RBT. Se podr\u00e1n descargar notas orientativas con respecto a cada lecci\u00f3n, lo que permitir\u00e1 al participante seguir los v\u00eddeos. Cada v\u00eddeo incluir\u00e1 cuestionarios sorpresa para practicar m\u00e1s. Los instructores estar\u00e1n disponibles para las horas de oficina, que se pueden programar a trav\u00e9s de correo electr\u00f3nico.Tenga en cuenta que este curso no incluye la certificaci\u00f3n RBT 40 H. Este curso est\u00e1 dise\u00f1ado para quienes ya tienen la certificaci\u00f3n y desean repasar el material.<\/p>\n","protected":false},"featured_media":248609,"template":"","meta":{"_et_pb_use_builder":"off","_et_pb_old_content":"La Lista de Tareas del T\u00e9cnico Registrado en Conducta (RBT\u00ae) de la BACB contiene las principales tareas de las que son responsables los RBT en el consejo y durante la pr\u00e1ctica. Este curso est\u00e1 dise\u00f1ado para proporcionar a los RBT las herramientas necesarias para familiarizarse con la lista de tareas y garantizar su competencia como t\u00e9cnicos conductuales. Al finalizar el curso, los RBT habr\u00e1n aprendido las bases de los requisitos de formaci\u00f3n y del examen.\r\n\r\nLa Lista de Tareas est\u00e1 organizada en las siguientes \u00e1reas de contenido primario: Medici\u00f3n, Evaluaci\u00f3n, Adquisici\u00f3n de Habilidades, Reducci\u00f3n de Conductas, Documentaci\u00f3n e Informes, y Conducta Profesional y \u00c1mbito de Pr\u00e1ctica.","_et_gb_content_width":""},"product_brand":[],"product_cat":[62],"product_tag":[],"class_list":{"0":"post-247360","1":"product","2":"type-product","3":"status-publish","4":"has-post-thumbnail","6":"product_cat-comentarios","8":"first","9":"instock","10":"virtual","11":"sold-individually","12":"purchasable","13":"product-type-course"},"aioseo_notices":[],"_links":{"self":[{"href":"https:\/\/abainter.com\/es\/wp-json\/wp\/v2\/product\/247360","targetHints":{"allow":["GET"]}}],"collection":[{"href":"https:\/\/abainter.com\/es\/wp-json\/wp\/v2\/product"}],"about":[{"href":"https:\/\/abainter.com\/es\/wp-json\/wp\/v2\/types\/product"}],"wp:featuredmedia":[{"embeddable":true,"href":"https:\/\/abainter.com\/es\/wp-json\/wp\/v2\/media\/248609"}],"wp:attachment":[{"href":"https:\/\/abainter.com\/es\/wp-json\/wp\/v2\/media?parent=247360"}],"wp:term":[{"taxonomy":"product_brand","embeddable":true,"href":"https:\/\/abainter.com\/es\/wp-json\/wp\/v2\/product_brand?post=247360"},{"taxonomy":"product_cat","embeddable":true,"href":"https:\/\/abainter.com\/es\/wp-json\/wp\/v2\/product_cat?post=247360"},{"taxonomy":"product_tag","embeddable":true,"href":"https:\/\/abainter.com\/es\/wp-json\/wp\/v2\/product_tag?post=247360"}],"curies":[{"name":"wp","href":"https:\/\/api.w.org\/{rel}","templated":true}]}}