{"id":247357,"date":"2022-12-01T18:07:13","date_gmt":"2022-12-01T23:07:13","guid":{"rendered":"https:\/\/abainter.com\/product\/curso-bt-aid-40-h\/"},"modified":"2023-05-31T15:17:06","modified_gmt":"2023-05-31T19:17:06","slug":"curso-bt-aid-40-h","status":"publish","type":"product","link":"https:\/\/abainter.com\/es\/producto\/curso-bt-aid-40-h\/","title":{"rendered":"Curso BT Aid 40 H"},"content":{"rendered":"<p>La Lista de Tareas del T\u00e9cnico Registrado en Conducta (RBT\u00ae) de la BACB contiene las tareas principales que son esenciales en la implementaci\u00f3n del an\u00e1lisis de conducta y durante la pr\u00e1ctica. Este curso est\u00e1 dise\u00f1ado para aquellos que deseen convertirse en ayudantes de comportamiento que trabajan bajo supervisi\u00f3n. Los participantes recibir\u00e1n las herramientas necesarias para familiarizarse con la lista de tareas y garantizar su competencia como ayudantes de comportamiento. Al finalizar el curso, los ayudantes de comportamiento habr\u00e1n aprendido las bases de los requisitos de formaci\u00f3n y su aplicaci\u00f3n.<\/p>\n<p>La Lista de Tareas est\u00e1 organizada en las siguientes \u00e1reas de contenido primario: Medici\u00f3n, Evaluaci\u00f3n, Adquisici\u00f3n de Habilidades, Reducci\u00f3n de Conductas, Documentaci\u00f3n e Informes, y Conducta Profesional y \u00c1mbito de Pr\u00e1ctica.<\/p>\n","protected":false},"excerpt":{"rendered":"<p>La duraci\u00f3n de este curso es de 4 semanas durante las cuales la informaci\u00f3n se divide en 4 m\u00f3dulos. A lo largo de estos m\u00f3dulos, los participantes se reunir\u00e1n con los instructores 2 veces por semana v\u00eda zoom para clases de 1 hora y cubrir\u00e1n toda la informaci\u00f3n de la lista de tareas. Las lecciones con zoom se grabar\u00e1n y se guardar\u00e1n en el m\u00f3dulo para la opci\u00f3n de reproducci\u00f3n una vez finalizada la lecci\u00f3n. Se podr\u00e1n descargar notas orientativas con respecto a cada lecci\u00f3n, lo que permitir\u00e1 al participante seguir al instructor. Cada m\u00f3dulo contendr\u00e1 tareas pr\u00e1cticas que podr\u00e1 realizar a su propio ritmo y que no se calificar\u00e1n. Los instructores estar\u00e1n disponibles en horario de oficina, que se comunicar\u00e1 por correo electr\u00f3nico. Al final del curso se realizar\u00e1 un examen final, necesario para obtener el certificado de aprovechamiento.<\/p>\n","protected":false},"featured_media":247798,"template":"","meta":{"_et_pb_use_builder":"","_et_pb_old_content":"","_et_gb_content_width":""},"product_brand":[],"product_cat":[61],"product_tag":[],"class_list":{"0":"post-247357","1":"product","2":"type-product","3":"status-publish","4":"has-post-thumbnail","6":"product_cat-cursos-de-rbt-es","8":"first","9":"instock","10":"virtual","11":"sold-individually","12":"purchasable","13":"product-type-course"},"aioseo_notices":[],"_links":{"self":[{"href":"https:\/\/abainter.com\/es\/wp-json\/wp\/v2\/product\/247357","targetHints":{"allow":["GET"]}}],"collection":[{"href":"https:\/\/abainter.com\/es\/wp-json\/wp\/v2\/product"}],"about":[{"href":"https:\/\/abainter.com\/es\/wp-json\/wp\/v2\/types\/product"}],"wp:featuredmedia":[{"embeddable":true,"href":"https:\/\/abainter.com\/es\/wp-json\/wp\/v2\/media\/247798"}],"wp:attachment":[{"href":"https:\/\/abainter.com\/es\/wp-json\/wp\/v2\/media?parent=247357"}],"wp:term":[{"taxonomy":"product_brand","embeddable":true,"href":"https:\/\/abainter.com\/es\/wp-json\/wp\/v2\/product_brand?post=247357"},{"taxonomy":"product_cat","embeddable":true,"href":"https:\/\/abainter.com\/es\/wp-json\/wp\/v2\/product_cat?post=247357"},{"taxonomy":"product_tag","embeddable":true,"href":"https:\/\/abainter.com\/es\/wp-json\/wp\/v2\/product_tag?post=247357"}],"curies":[{"name":"wp","href":"https:\/\/api.w.org\/{rel}","templated":true}]}}