{"id":247356,"date":"2022-12-01T18:07:14","date_gmt":"2022-12-01T23:07:14","guid":{"rendered":"https:\/\/abainter.com\/product\/ayuda-a-la-solicitud-de-la-junta\/"},"modified":"2024-07-27T17:19:40","modified_gmt":"2024-07-27T21:19:40","slug":"asistencia-para-la-solicitud-de-embarque","status":"publish","type":"product","link":"https:\/\/abainter.com\/es\/producto\/asistencia-para-la-solicitud-de-embarque\/","title":{"rendered":"Ayuda a la solicitud de la Junta"},"content":{"rendered":"<p>Este servicio est\u00e1 dise\u00f1ado para aquellos que ya han completado y obtenido el certificado RBT 40 HR Course y est\u00e1n listos para completar su certificaci\u00f3n con el BACB.<\/p>\n<p>Un asesor cualificado le ayudar\u00e1 a completar la Evaluaci\u00f3n de Competencias RBT requerida, solicitar a la BACB la aprobaci\u00f3n del examen y programar una cita con Pearson. Los solicitantes recibir\u00e1n un formulario con los pasos a seguir y los documentos necesarios.<\/p>\n<p>Incluido: 50,00 d\u00f3lares por la tasa de tramitaci\u00f3n de la solicitud de certificaci\u00f3n (abonados a la BACB).<\/p>\n","protected":false},"excerpt":{"rendered":"<p><strong>IMPORTANTE<\/strong>: Para obtener la evaluaci\u00f3n de competencia, el certificado del curso de 40 horas debe completarse en un plazo no inferior a 5 d\u00edas ni superior a 180 d\u00edas. Entre los requisitos adicionales se incluyen los siguientes: prueba del curso de 40 horas, certificado de educaci\u00f3n secundaria y comprobaci\u00f3n de antecedentes y huellas dactilares ANTES de concertar las citas para la evaluaci\u00f3n.<\/p>\n","protected":false},"featured_media":247800,"template":"","meta":{"_et_pb_use_builder":"","_et_pb_old_content":"","_et_gb_content_width":""},"product_brand":[],"product_cat":[78],"product_tag":[],"class_list":{"0":"post-247356","1":"product","2":"type-product","3":"status-publish","4":"has-post-thumbnail","6":"product_cat-servicios","8":"first","9":"instock","10":"virtual","11":"sold-individually","12":"purchasable","13":"product-type-course"},"aioseo_notices":[],"_links":{"self":[{"href":"https:\/\/abainter.com\/es\/wp-json\/wp\/v2\/product\/247356","targetHints":{"allow":["GET"]}}],"collection":[{"href":"https:\/\/abainter.com\/es\/wp-json\/wp\/v2\/product"}],"about":[{"href":"https:\/\/abainter.com\/es\/wp-json\/wp\/v2\/types\/product"}],"wp:featuredmedia":[{"embeddable":true,"href":"https:\/\/abainter.com\/es\/wp-json\/wp\/v2\/media\/247800"}],"wp:attachment":[{"href":"https:\/\/abainter.com\/es\/wp-json\/wp\/v2\/media?parent=247356"}],"wp:term":[{"taxonomy":"product_brand","embeddable":true,"href":"https:\/\/abainter.com\/es\/wp-json\/wp\/v2\/product_brand?post=247356"},{"taxonomy":"product_cat","embeddable":true,"href":"https:\/\/abainter.com\/es\/wp-json\/wp\/v2\/product_cat?post=247356"},{"taxonomy":"product_tag","embeddable":true,"href":"https:\/\/abainter.com\/es\/wp-json\/wp\/v2\/product_tag?post=247356"}],"curies":[{"name":"wp","href":"https:\/\/api.w.org\/{rel}","templated":true}]}}