{"id":50084,"date":"2022-09-20T18:34:24","date_gmt":"2022-09-20T22:34:24","guid":{"rendered":"https:\/\/abainter.com\/evento-actual\/"},"modified":"2022-09-24T17:07:18","modified_gmt":"2022-09-24T17:07:18","slug":"evento-actual","status":"publish","type":"page","link":"https:\/\/abainter.com\/es\/evento-actual\/","title":{"rendered":"Evento actual"},"content":{"rendered":"<p>[et_pb_section fb_built=&#8221;1&#8243; custom_padding_last_edited=&#8221;on|tablet&#8221; _builder_version=&#8221;4.18.0&#8243; background_enable_color=&#8221;off&#8221; background_image=&#8221;https:\/\/abainter.com\/wp-content\/uploads\/2022\/09\/Aba-inter-current-event.jpg&#8221; custom_padding=&#8221;352px||352px||true|false&#8221; custom_padding_phone=&#8221;80px||80px||true&#8221; hover_enabled=&#8221;0&#8243; global_colors_info=&#8221;{}&#8221; custom_padding_tablet=&#8221;100px||100px||true|false&#8221; sticky_enabled=&#8221;0&#8243;][et_pb_row use_custom_gutter=&#8221;on&#8221; gutter_width=&#8221;2&#8243; make_equal=&#8221;on&#8221; _builder_version=&#8221;4.18.0&#8243; width_tablet=&#8221;90%&#8221; width_phone=&#8221;90%&#8221; width_last_edited=&#8221;off|phone&#8221; max_width_tablet=&#8221;90%&#8221; max_width_phone=&#8221;90%&#8221; max_width_last_edited=&#8221;off|tablet&#8221; custom_margin=&#8221;|||30vh|false|false&#8221; custom_padding=&#8221;||0px|||&#8221; hover_enabled=&#8221;0&#8243; global_colors_info=&#8221;{}&#8221; custom_margin_last_edited=&#8221;on|tablet&#8221; custom_margin_tablet=&#8221;|||8vh|false|false&#8221; sticky_enabled=&#8221;0&#8243; custom_margin_phone=&#8221;|||8vh|false|false&#8221;][et_pb_column type=&#8221;4_4&#8243; _builder_version=&#8221;4.16&#8243; custom_padding=&#8221;|||&#8221; global_colors_info=&#8221;{}&#8221; custom_padding__hover=&#8221;|||&#8221;][et_pb_text _builder_version=&#8221;4.18.0&#8243; _module_preset=&#8221;default&#8221; header_font=&#8221;Catamaran|800|||||||&#8221; header_text_align=&#8221;left&#8221; header_text_color=&#8221;#0276C9&#8243; header_font_size=&#8221;81px&#8221; header_letter_spacing=&#8221;-1px&#8221; custom_margin=&#8221;0px||18px||false|false&#8221; custom_padding=&#8221;0px||0px||false|false&#8221; animation_style=&#8221;slide&#8221; animation_direction=&#8221;right&#8221; animation_duration=&#8221;800ms&#8221; animation_delay=&#8221;400ms&#8221; animation_intensity_slide=&#8221;10%&#8221; hover_enabled=&#8221;0&#8243; header_font_size_tablet=&#8221;44px&#8221; header_font_size_phone=&#8221;25px&#8221; header_font_size_last_edited=&#8221;on|phone&#8221; header_text_shadow_style=&#8221;preset3&#8243; header_text_shadow_color=&#8221;#FFFFFF&#8221; global_colors_info=&#8221;{}&#8221; sticky_enabled=&#8221;0&#8243;]<\/p>\n<h1>Evento actual<\/h1>\n<p>[\/et_pb_text][\/et_pb_column][\/et_pb_row][\/et_pb_section][et_pb_section fb_built=&#8221;1&#8243; _builder_version=&#8221;4.18.0&#8243; background_color=&#8221;#FFFFFF&#8221; custom_padding=&#8221;30px||146px||false|&#8221; hover_enabled=&#8221;0&#8243; global_colors_info=&#8221;{}&#8221; sticky_enabled=&#8221;0&#8243;][et_pb_row column_structure=&#8221;1_2,1_2&#8243; use_custom_gutter=&#8221;on&#8221; gutter_width=&#8221;2&#8243; make_equal=&#8221;on&#8221; _builder_version=&#8221;4.18.0&#8243; width_tablet=&#8221;90%&#8221; width_phone=&#8221;90%&#8221; width_last_edited=&#8221;off|phone&#8221; max_width_tablet=&#8221;90%&#8221; max_width_phone=&#8221;90%&#8221; max_width_last_edited=&#8221;off|tablet&#8221; custom_margin=&#8221;|||&#8221; animation_direction=&#8221;bottom&#8221; global_colors_info=&#8221;{}&#8221;][et_pb_column type=&#8221;1_2&#8243; _builder_version=&#8221;4.16&#8243; custom_padding=&#8221;|||&#8221; global_colors_info=&#8221;{}&#8221; custom_padding__hover=&#8221;|||&#8221;][et_pb_text _builder_version=&#8221;4.18.0&#8243; header_font=&#8221;Mulish|700|||||||&#8221; header_text_color=&#8221;#000000&#8243; header_font_size=&#8221;20px&#8221; header_line_height=&#8221;1.5em&#8221; max_width=&#8221;81%&#8221; max_width_tablet=&#8221;100%&#8221; max_width_phone=&#8221;100%&#8221; max_width_last_edited=&#8221;on|desktop&#8221; custom_margin=&#8221;91px|||||&#8221; custom_padding=&#8221;|||&#8221; header_font_size_tablet=&#8221;&#8221; header_font_size_phone=&#8221;22px&#8221; header_font_size_last_edited=&#8221;on|phone&#8221; global_colors_info=&#8221;{}&#8221;]<\/p>\n<h1><span style=\"color: #0276c9;\">Azul Therapy Services presenta una conferencia sobre el autismo y el ABA.<\/span><\/h1>\n<h1>Fecha: 10\/06\/2022<\/h1>\n<h1>Hora: 11:00 am &#8211; 1:30 pm hora est\u00e1ndar de Per\u00fa.<\/h1>\n<h1>Ubicaci\u00f3n: The Westin Lima Hotel and Convention Center.<\/h1>\n<h1>Descripci\u00f3n: Le invitamos a unirse a nosotros para una presentaci\u00f3n sobre el an\u00e1lisis del comportamiento aplicado y su impacto positivo en la comunidad pedi\u00e1trica, espec\u00edficamente en aquellos con necesidades especiales.<\/h1>\n<p>[\/et_pb_text][\/et_pb_column][et_pb_column type=&#8221;1_2&#8243; _builder_version=&#8221;4.18.0&#8243; background_enable_image=&#8221;off&#8221; custom_padding=&#8221;72px|||&#8221; global_colors_info=&#8221;{}&#8221; custom_padding__hover=&#8221;|||&#8221;][et_pb_image src=&#8221;http:\/\/abainter.com\/wp-content\/uploads\/2022\/09\/The-Westin.jpg&#8221; title_text=&#8221;El Westin&#8221; align_tablet=&#8221;center&#8221; align_phone=&#8221;&#8221; align_last_edited=&#8221;on|desktop&#8221; _builder_version=&#8221;4.18.0&#8243; max_width=&#8221;480px&#8221; custom_margin=&#8221;25px|||0px||&#8221; box_shadow_style=&#8221;preset1&#8243; box_shadow_color=&#8221;#000000&#8243; global_colors_info=&#8221;{}&#8221;][\/et_pb_image][\/et_pb_column][\/et_pb_row][\/et_pb_section]<\/p>\n","protected":false},"excerpt":{"rendered":"<p>Evento actualAzul Therapy Services presenta una conferencia sobre el autismo y el ABA. Fecha: 10\/06\/2022 Hora: 11:00 am &#8211; 1:30 pm hora est\u00e1ndar de Per\u00fa. Ubicaci\u00f3n: The Westin Lima Hotel [&hellip;]<\/p>\n","protected":false},"author":1,"featured_media":0,"parent":0,"menu_order":0,"comment_status":"closed","ping_status":"closed","template":"","meta":{"_et_pb_use_builder":"on","_et_pb_old_content":"","_et_gb_content_width":"","footnotes":""},"class_list":["post-50084","page","type-page","status-publish","hentry"],"aioseo_notices":[],"_links":{"self":[{"href":"https:\/\/abainter.com\/es\/wp-json\/wp\/v2\/pages\/50084","targetHints":{"allow":["GET"]}}],"collection":[{"href":"https:\/\/abainter.com\/es\/wp-json\/wp\/v2\/pages"}],"about":[{"href":"https:\/\/abainter.com\/es\/wp-json\/wp\/v2\/types\/page"}],"author":[{"embeddable":true,"href":"https:\/\/abainter.com\/es\/wp-json\/wp\/v2\/users\/1"}],"replies":[{"embeddable":true,"href":"https:\/\/abainter.com\/es\/wp-json\/wp\/v2\/comments?post=50084"}],"version-history":[{"count":2,"href":"https:\/\/abainter.com\/es\/wp-json\/wp\/v2\/pages\/50084\/revisions"}],"predecessor-version":[{"id":50086,"href":"https:\/\/abainter.com\/es\/wp-json\/wp\/v2\/pages\/50084\/revisions\/50086"}],"wp:attachment":[{"href":"https:\/\/abainter.com\/es\/wp-json\/wp\/v2\/media?parent=50084"}],"curies":[{"name":"wp","href":"https:\/\/api.w.org\/{rel}","templated":true}]}}