{"id":50081,"date":"2022-09-02T02:03:55","date_gmt":"2022-09-02T06:03:55","guid":{"rendered":"https:\/\/abainter.com\/contacto\/"},"modified":"2024-09-25T12:40:45","modified_gmt":"2024-09-25T16:40:45","slug":"contacto","status":"publish","type":"page","link":"https:\/\/abainter.com\/es\/contacto\/","title":{"rendered":"Contacto"},"content":{"rendered":"<p>[et_pb_section fb_built=&#8221;1&#8243; admin_label=&#8221;1&#8243; _builder_version=&#8221;4.18.0&#8243; background_enable_color=&#8221;off&#8221; custom_padding=&#8221;80px||80px||true|false&#8221; da_disable_devices=&#8221;off|off|off&#8221; global_colors_info=&#8221;{}&#8221; da_is_popup=&#8221;off&#8221; da_exit_intent=&#8221;off&#8221; da_has_close=&#8221;on&#8221; da_alt_close=&#8221;off&#8221; da_dark_close=&#8221;off&#8221; da_not_modal=&#8221;on&#8221; da_is_singular=&#8221;off&#8221; da_with_loader=&#8221;off&#8221; da_has_shadow=&#8221;on&#8221;][et_pb_row _builder_version=&#8221;4.16&#8243; custom_padding=&#8221;|0px||0px|false|false&#8221; global_colors_info=&#8221;{}&#8221;][et_pb_column type=&#8221;4_4&#8243; _builder_version=&#8221;4.16&#8243; custom_padding=&#8221;|||&#8221; global_colors_info=&#8221;{}&#8221; custom_padding__hover=&#8221;|||&#8221;][et_pb_text _builder_version=&#8221;4.18.0&#8243; text_font=&#8221;Catamaran|700|||||||&#8221; text_text_color=&#8221;#0276C9&#8243; text_font_size=&#8221;33px&#8221; text_font_size_tablet=&#8221;&#8221; text_font_size_phone=&#8221;20px&#8221; text_font_size_last_edited=&#8221;on|desktop&#8221; global_colors_info=&#8221;{}&#8221;]<\/p>\n<p>Contacto<\/p>\n<p>[\/et_pb_text][et_pb_text _builder_version=&#8221;4.18.0&#8243; text_font=&#8221;Mulish||||||||&#8221; text_text_color=&#8221;#000000&#8243; text_font_size=&#8221;17px&#8221; text_line_height=&#8221;1.8em&#8221; max_width=&#8221;45%&#8221; max_width_tablet=&#8221;80%&#8221; max_width_phone=&#8221;90%&#8221; max_width_last_edited=&#8221;on|desktop&#8221; module_alignment=&#8221;left&#8221; custom_margin=&#8221;-13px||&#8221; custom_padding=&#8221;0px||&#8221; global_colors_info=&#8221;{}&#8221;]<\/p>\n<p>Para m\u00e1s informaci\u00f3n sobre nuestros servicios y cursos, d\u00e9jenos un mensaje o solicite una consulta. Nuestros correos electr\u00f3nicos est\u00e1n abiertos para la asistencia personal de uno de los miembros de nuestro equipo y puede esperar una respuesta en menos de 24 horas.<\/p>\n<p>[\/et_pb_text][\/et_pb_column][\/et_pb_row][et_pb_row column_structure=&#8221;2_3,1_3&#8243; _builder_version=&#8221;4.16&#8243; custom_margin=&#8221;|||&#8221; global_colors_info=&#8221;{}&#8221;][et_pb_column type=&#8221;2_3&#8243; _builder_version=&#8221;4.16&#8243; custom_padding=&#8221;|||&#8221; global_colors_info=&#8221;{}&#8221; custom_padding__hover=&#8221;|||&#8221;][de_fb_form form_id=&#8221;Request an Evaluation&#8221; submit_button_text=&#8221;Enviar &#8221; disable_submit_for_required=&#8221;on&#8221; redirect_after_success=&#8221;on&#8221; redirect_url_after_submission=&#8221;@ET-DC@eyJkeW5hbWljIjp0cnVlLCJjb250ZW50IjoicG9zdF9saW5rX3VybF9wYWdlIiwic2V0dGluZ3MiOnsicG9zdF9pZCI6IjQ5ODU3In19@&#8221; use_custom_email=&#8221;off&#8221; custom_contact_email=&#8221;info@abainter.com&#8221; save_to_database=&#8221;on&#8221; radio_checkbox_checked_color=&#8221;#0276C9&#8243; _builder_version=&#8221;4.20.2&#8243; _dynamic_attributes=&#8221;redirect_url_after_submission&#8221; _module_preset=&#8221;default&#8221; form_field_background_color=&#8221;#EAEAEA&#8221; form_field_text_color=&#8221;#000000&#8243; form_field_focus_background_color=&#8221;#EAEAEA&#8221; form_field_focus_text_color=&#8221;#000000&#8243; form_title_font=&#8221;Poppins||||||||&#8221; form_title_font_size=&#8221;16px&#8221; form_title_line_height=&#8221;1.2em&#8221; label_text_font=&#8221;Poppins||||||||&#8221; label_text_text_color=&#8221;#000000&#8243; label_text_font_size=&#8221;16px&#8221; placeholder_text_font=&#8221;Poppins||||||||&#8221; placeholder_text_text_color=&#8221;#000000&#8243; placeholder_text_font_size=&#8221;15px&#8221; field_description_text_color=&#8221;#000000&#8243; form_field_font=&#8221;Poppins||||||||&#8221; custom_button=&#8221;on&#8221; button_text_color=&#8221;#FFFFFF&#8221; button_bg_color=&#8221;#0276C9&#8243; button_border_width=&#8221;0px&#8221; button_border_radius=&#8221;0px&#8221; button_font=&#8221;|||on|||||&#8221; button_use_icon=&#8221;off&#8221; button_custom_padding=&#8221;15px|20px|15px|20px|false|false&#8221; custom_radio_checkbox_button=&#8221;on&#8221; custom_radio_checkbox_button_active=&#8221;on&#8221; placeholder_text_text_color_tablet=&#8221;#FFFFFF&#8221; placeholder_text_text_color_phone=&#8221;#FFFFFF&#8221; placeholder_text_text_color_last_edited=&#8221;on|desktop&#8221; border_width_all=&#8221;1px&#8221; border_color_all=&#8221;#939393&#8243; box_shadow_style_button=&#8221;preset1&#8243; box_shadow_color_button=&#8221;#939393&#8243; global_colors_info=&#8221;{}&#8221; button_bg_color__hover_enabled=&#8221;on|hover&#8221; button_bg_color__hover=&#8221;#0579C9&#8243; button_bg_enable_color__hover=&#8221;on&#8221; placeholder_text_text_color__hover_enabled=&#8221;on|hover&#8221; placeholder_text_text_color__hover=&#8221;#939393&#8243;][de_fb_form_field field_title=&#8221;Nombre&#8221; admin_title=&#8221;Your Name&#8221; field_id=&#8221;Your_Name&#8221; required_mark=&#8221;on&#8221; _builder_version=&#8221;4.18.0&#8243; _module_preset=&#8221;default&#8221; global_colors_info=&#8221;{}&#8221; form_step=&#8221;0&#8243; current_step=&#8221;0&#8243;][\/de_fb_form_field][de_fb_form_field field_title=&#8221;Email&#8221; admin_title=&#8221;Email&#8221; field_id=&#8221;Your_Email&#8221; field_type=&#8221;email&#8221; required_mark=&#8221;on&#8221; field_grid_column=&#8221;et_pb_column_1_2&#8243; _builder_version=&#8221;4.19.4&#8243; _module_preset=&#8221;default&#8221; global_colors_info=&#8221;{}&#8221; form_step=&#8221;0&#8243; current_step=&#8221;0&#8243;][\/de_fb_form_field][de_fb_form_field field_title=&#8221;N\u00famero de Tel\u00e9fono&#8221; admin_title=&#8221;Numero de Telefono&#8221; field_id=&#8221;Your_Phone_Number&#8221; allowed_symbols=&#8221;numbers&#8221; required_mark=&#8221;on&#8221; field_grid_column=&#8221;et_pb_column_1_2&#8243; _builder_version=&#8221;4.18.0&#8243; _module_preset=&#8221;default&#8221; global_colors_info=&#8221;{}&#8221; form_step=&#8221;0&#8243; current_step=&#8221;0&#8243;][\/de_fb_form_field][de_fb_form_field field_title=&#8221;Por favor, comparta m\u00e1s detalles aqu\u00ed, si es necesario.&#8221; admin_title=&#8221;Message&#8221; field_id=&#8221;What_date_and_time_you_works_for_you_for_the_evaluation?_Please_share_more_details_here,_if_needed&#8221; field_type=&#8221;text&#8221; _builder_version=&#8221;4.19.4&#8243; _module_preset=&#8221;default&#8221; global_colors_info=&#8221;{}&#8221; form_step=&#8221;0&#8243; current_step=&#8221;0&#8243;][\/de_fb_form_field][\/de_fb_form][\/et_pb_column][et_pb_column type=&#8221;1_3&#8243; _builder_version=&#8221;4.16&#8243; custom_padding=&#8221;|||&#8221; global_colors_info=&#8221;{}&#8221; custom_padding__hover=&#8221;|||&#8221;][et_pb_blurb title=&#8221;Env\u00ede un correo electr\u00f3nico a&#8221; use_icon=&#8221;on&#8221; font_icon=&#8221;&#x77;||divi||400&#8243; icon_color=&#8221;#0276C9&#8243; icon_placement=&#8221;left&#8221; image_icon_width=&#8221;32px&#8221; admin_label=&#8221;1&#8243; _builder_version=&#8221;4.27.0&#8243; header_font=&#8221;Poppins|600|||||||&#8221; header_text_color=&#8221;#0276C9&#8243; header_font_size=&#8221;20px&#8221; header_line_height=&#8221;1.3em&#8221; body_font=&#8221;Catamaran|700|||||||&#8221; body_text_color=&#8221;#000000&#8243; body_font_size=&#8221;17px&#8221; body_line_height=&#8221;1.8em&#8221; animation=&#8221;off&#8221; hover_enabled=&#8221;0&#8243; icon_font_size=&#8221;32px&#8221; global_colors_info=&#8221;{}&#8221; sticky_enabled=&#8221;0&#8243;]<\/p>\n<p>Info@abainter.com<\/p>\n<p>[\/et_pb_blurb][et_pb_blurb title=&#8221;Env\u00ede un correo electr\u00f3nico a&#8221; use_icon=&#8221;on&#8221; font_icon=&#8221;&#x77;||divi||400&#8243; icon_color=&#8221;#0276C9&#8243; icon_placement=&#8221;left&#8221; image_icon_width=&#8221;32px&#8221; admin_label=&#8221;1&#8243; _builder_version=&#8221;4.27.0&#8243; header_font=&#8221;Poppins|600|||||||&#8221; header_text_color=&#8221;#0276C9&#8243; header_font_size=&#8221;20px&#8221; header_line_height=&#8221;1.3em&#8221; body_font=&#8221;Catamaran|700|||||||&#8221; body_text_color=&#8221;#000000&#8243; body_font_size=&#8221;17px&#8221; body_line_height=&#8221;1.8em&#8221; animation=&#8221;off&#8221; hover_enabled=&#8221;0&#8243; icon_font_size=&#8221;32px&#8221; global_colors_info=&#8221;{}&#8221; sticky_enabled=&#8221;0&#8243;]<\/p>\n<p>Yaite@abainter.com<\/p>\n<p>[\/et_pb_blurb][et_pb_blurb title=&#8221;Env\u00ede un correo electr\u00f3nico a&#8221; use_icon=&#8221;on&#8221; font_icon=&#8221;&#x77;||divi||400&#8243; icon_color=&#8221;#0276C9&#8243; icon_placement=&#8221;left&#8221; image_icon_width=&#8221;32px&#8221; admin_label=&#8221;1&#8243; _builder_version=&#8221;4.27.0&#8243; header_font=&#8221;Poppins|600|||||||&#8221; header_text_color=&#8221;#0276C9&#8243; header_font_size=&#8221;20px&#8221; header_line_height=&#8221;1.3em&#8221; body_font=&#8221;Catamaran|700|||||||&#8221; body_text_color=&#8221;#000000&#8243; body_font_size=&#8221;17px&#8221; body_line_height=&#8221;1.8em&#8221; animation=&#8221;off&#8221; hover_enabled=&#8221;0&#8243; icon_font_size=&#8221;32px&#8221; global_colors_info=&#8221;{}&#8221; sticky_enabled=&#8221;0&#8243;]<\/p>\n<p>Alejandra@abainter.com<\/p>\n<p>[\/et_pb_blurb][\/et_pb_column][\/et_pb_row][\/et_pb_section]<\/p>\n","protected":false},"excerpt":{"rendered":"<p>ContactoPara m\u00e1s informaci\u00f3n sobre nuestros servicios y cursos, d\u00e9jenos un mensaje o solicite una consulta. Nuestros correos electr\u00f3nicos est\u00e1n abiertos para la asistencia personal de uno de los miembros de [&hellip;]<\/p>\n","protected":false},"author":1,"featured_media":0,"parent":0,"menu_order":0,"comment_status":"closed","ping_status":"closed","template":"","meta":{"_et_pb_use_builder":"on","_et_pb_old_content":"","_et_gb_content_width":"","footnotes":""},"class_list":["post-50081","page","type-page","status-publish","hentry"],"aioseo_notices":[],"_links":{"self":[{"href":"https:\/\/abainter.com\/es\/wp-json\/wp\/v2\/pages\/50081","targetHints":{"allow":["GET"]}}],"collection":[{"href":"https:\/\/abainter.com\/es\/wp-json\/wp\/v2\/pages"}],"about":[{"href":"https:\/\/abainter.com\/es\/wp-json\/wp\/v2\/types\/page"}],"author":[{"embeddable":true,"href":"https:\/\/abainter.com\/es\/wp-json\/wp\/v2\/users\/1"}],"replies":[{"embeddable":true,"href":"https:\/\/abainter.com\/es\/wp-json\/wp\/v2\/comments?post=50081"}],"version-history":[{"count":9,"href":"https:\/\/abainter.com\/es\/wp-json\/wp\/v2\/pages\/50081\/revisions"}],"predecessor-version":[{"id":257324,"href":"https:\/\/abainter.com\/es\/wp-json\/wp\/v2\/pages\/50081\/revisions\/257324"}],"wp:attachment":[{"href":"https:\/\/abainter.com\/es\/wp-json\/wp\/v2\/media?parent=50081"}],"curies":[{"name":"wp","href":"https:\/\/api.w.org\/{rel}","templated":true}]}}