{"id":50075,"date":"2022-09-02T02:03:24","date_gmt":"2022-09-02T06:03:24","guid":{"rendered":"https:\/\/abainter.com\/sobre-nosotros\/"},"modified":"2024-09-25T12:38:53","modified_gmt":"2024-09-25T16:38:53","slug":"sobre-nosotros","status":"publish","type":"page","link":"https:\/\/abainter.com\/es\/sobre-nosotros\/","title":{"rendered":"Sobre nosotros"},"content":{"rendered":"<p>[et_pb_section fb_built=&#8221;1&#8243; _builder_version=&#8221;4.18.0&#8243; _module_preset=&#8221;default&#8221; custom_padding=&#8221;||8px|||&#8221; global_colors_info=&#8221;{}&#8221; da_is_popup=&#8221;off&#8221; da_exit_intent=&#8221;off&#8221; da_has_close=&#8221;on&#8221; da_alt_close=&#8221;off&#8221; da_dark_close=&#8221;off&#8221; da_not_modal=&#8221;on&#8221; da_is_singular=&#8221;off&#8221; da_with_loader=&#8221;off&#8221; da_has_shadow=&#8221;on&#8221; da_disable_devices=&#8221;off|off|off&#8221;][et_pb_row _builder_version=&#8221;4.18.0&#8243; _module_preset=&#8221;default&#8221; global_colors_info=&#8221;{}&#8221;][et_pb_column type=&#8221;4_4&#8243; _builder_version=&#8221;4.18.0&#8243; _module_preset=&#8221;default&#8221; global_colors_info=&#8221;{}&#8221;][et_pb_text _builder_version=&#8221;4.18.0&#8243; header_3_font=&#8221;Catamaran|700|||||||&#8221; header_3_text_align=&#8221;left&#8221; header_3_text_color=&#8221;#000000&#8243; header_3_font_size=&#8221;40px&#8221; header_3_font_size_tablet=&#8221;45px&#8221; header_3_font_size_phone=&#8221;35px&#8221; header_3_font_size_last_edited=&#8221;on|phone&#8221; global_colors_info=&#8221;{}&#8221;]<\/p>\n<h3 style=\"text-align: center;\">Acerca de<\/h3>\n<h3 style=\"text-align: center;\"><span style=\"color: #0276c9;\">ABA\u00a0<\/span><span style=\"color: #0276c9;\">Academia Internacional\u00a0<\/span><\/h3>\n<p>[\/et_pb_text][\/et_pb_column][\/et_pb_row][\/et_pb_section][et_pb_section fb_built=&#8221;1&#8243; _builder_version=&#8221;4.16&#8243; custom_padding=&#8221;30px||50px||false|&#8221; global_colors_info=&#8221;{}&#8221; da_is_popup=&#8221;off&#8221; da_exit_intent=&#8221;off&#8221; da_has_close=&#8221;on&#8221; da_alt_close=&#8221;off&#8221; da_dark_close=&#8221;off&#8221; da_not_modal=&#8221;on&#8221; da_is_singular=&#8221;off&#8221; da_with_loader=&#8221;off&#8221; da_has_shadow=&#8221;on&#8221; da_disable_devices=&#8221;off|off|off&#8221;][et_pb_row column_structure=&#8221;1_2,1_2&#8243; use_custom_gutter=&#8221;on&#8221; gutter_width=&#8221;2&#8243; make_equal=&#8221;on&#8221; _builder_version=&#8221;4.16&#8243; width_tablet=&#8221;90%&#8221; width_phone=&#8221;90%&#8221; width_last_edited=&#8221;off|phone&#8221; max_width_tablet=&#8221;90%&#8221; max_width_phone=&#8221;90%&#8221; max_width_last_edited=&#8221;off|tablet&#8221; custom_margin=&#8221;|||&#8221; animation_direction=&#8221;bottom&#8221; global_colors_info=&#8221;{}&#8221;][et_pb_column type=&#8221;1_2&#8243; _builder_version=&#8221;4.16&#8243; custom_padding=&#8221;|||&#8221; global_colors_info=&#8221;{}&#8221; custom_padding__hover=&#8221;|||&#8221;][et_pb_text _builder_version=&#8221;4.18.0&#8243; text_font=&#8221;Catamaran||||||||&#8221; text_text_color=&#8221;#000000&#8243; text_font_size=&#8221;19px&#8221; text_line_height=&#8221;1.8em&#8221; max_width=&#8221;493px&#8221; max_width_tablet=&#8221;100%&#8221; max_width_phone=&#8221;&#8221; max_width_last_edited=&#8221;on|tablet&#8221; custom_margin=&#8221;61px|||||&#8221; custom_padding=&#8221;12px|30px||&#8221; custom_padding_tablet=&#8221;0px|0px||&#8221; custom_padding_phone=&#8221;0px|0px||&#8221; custom_padding_last_edited=&#8221;on|desktop&#8221; global_colors_info=&#8221;{}&#8221;]<\/p>\n<p>Tanto si quiere convertirse en terapeuta como si es un padre que busca ayuda, nuestro equipo de expertos est\u00e1 preparado para guiarle y proporcionarle las herramientas necesarias para que comprenda el an\u00e1lisis aplicado de la conducta.<\/p>\n<p>La investigaci\u00f3n cient\u00edfica y los m\u00e9todos basados en la evidencia son la base del an\u00e1lisis de la conducta.<br \/>Mediante la observaci\u00f3n directa del cliente y el an\u00e1lisis de los datos, los analistas determinan la funci\u00f3n de los comportamientos y los sustituyen por otros socialmente significativos.<\/p>\n<p>Nuestros servicios se adaptan a sus necesidades mediante cursos que pueden completarse en l\u00ednea y a su ritmo, consultas por v\u00eddeo y conferencias en persona.<\/p>\n<p>[\/et_pb_text][\/et_pb_column][et_pb_column type=&#8221;1_2&#8243; _builder_version=&#8221;4.16&#8243; background_image=&#8221;https:\/\/abainter.com\/wp-content\/uploads\/2022\/09\/dots.png&#8221; custom_padding=&#8221;72px|||&#8221; global_colors_info=&#8221;{}&#8221; custom_padding__hover=&#8221;|||&#8221;][et_pb_image src=&#8221;https:\/\/abainter.com\/wp-content\/uploads\/2022\/09\/Alejandra-Yaite.jpg&#8221; title_text=&#8221;Alejandra y Yaite&#8221; _builder_version=&#8221;4.18.0&#8243; _module_preset=&#8221;default&#8221; box_shadow_style=&#8221;preset1&#8243; box_shadow_color=&#8221;#000000&#8243; global_colors_info=&#8221;{}&#8221;][\/et_pb_image][\/et_pb_column][\/et_pb_row][\/et_pb_section][et_pb_section fb_built=&#8221;1&#8243; _builder_version=&#8221;4.16&#8243; custom_padding=&#8221;100px|0px|100px|0px|true|false&#8221; global_colors_info=&#8221;{}&#8221; da_is_popup=&#8221;off&#8221; da_exit_intent=&#8221;off&#8221; da_has_close=&#8221;on&#8221; da_alt_close=&#8221;off&#8221; da_dark_close=&#8221;off&#8221; da_not_modal=&#8221;on&#8221; da_is_singular=&#8221;off&#8221; da_with_loader=&#8221;off&#8221; da_has_shadow=&#8221;on&#8221; da_disable_devices=&#8221;off|off|off&#8221;][et_pb_row column_structure=&#8221;1_2,1_2&#8243; use_custom_gutter=&#8221;on&#8221; gutter_width=&#8221;1&#8243; make_equal=&#8221;on&#8221; _builder_version=&#8221;4.18.0&#8243; custom_margin_tablet=&#8221;&#8221; custom_margin_phone=&#8221;||80px||false|false&#8221; custom_margin_last_edited=&#8221;on|phone&#8221; custom_padding=&#8221;0|0px|0|0px|true|false&#8221; global_colors_info=&#8221;{}&#8221;][et_pb_column type=&#8221;1_2&#8243; _builder_version=&#8221;4.18.0&#8243; background_image=&#8221;https:\/\/abainter.com\/wp-content\/uploads\/2022\/09\/1-5.jpg&#8221; custom_padding=&#8221;|||&#8221; box_shadow_style=&#8221;preset1&#8243; box_shadow_color=&#8221;#000000&#8243; global_colors_info=&#8221;{}&#8221; custom_padding__hover=&#8221;|||&#8221;][et_pb_divider show_divider=&#8221;off&#8221; disabled_on=&#8221;off|off|on&#8221; _builder_version=&#8221;4.18.0&#8243; custom_padding=&#8221;26%||26%||true&#8221; custom_padding_tablet=&#8221;26%||26%||true&#8221; custom_padding_phone=&#8221;50%||50%||true|false&#8221; custom_padding_last_edited=&#8221;on|phone&#8221; global_colors_info=&#8221;{}&#8221;][\/et_pb_divider][\/et_pb_column][et_pb_column type=&#8221;1_2&#8243; _builder_version=&#8221;4.16&#8243; custom_padding=&#8221;|||&#8221; global_colors_info=&#8221;{}&#8221; custom_padding__hover=&#8221;|||&#8221;][et_pb_text _builder_version=&#8221;4.18.0&#8243; text_font=&#8221;Catamaran||||||||&#8221; text_text_color=&#8221;#000000&#8243; text_font_size=&#8221;17px&#8221; text_line_height=&#8221;1.8em&#8221; header_font=&#8221;Poppins|700|||||||&#8221; header_text_color=&#8221;#000000&#8243; header_line_height=&#8221;1.3em&#8221; module_alignment=&#8221;center&#8221; custom_padding=&#8221;140px|47px|140px|47px|true|true&#8221; custom_padding_tablet=&#8221;40px|30px|40px|30px|true|true&#8221; custom_padding_phone=&#8221;40px|30px|40px|30px|true&#8221; custom_padding_last_edited=&#8221;on|phone&#8221; header_font_size_tablet=&#8221;&#8221; header_font_size_phone=&#8221;25px&#8221; header_font_size_last_edited=&#8221;on|desktop&#8221; global_colors_info=&#8221;{}&#8221;]<\/p>\n<h1>Yaite Morua<\/h1>\n<p>Es uno de los fundadores de Azul Therapy Services, un centro de terapia pedi\u00e1trica con sede en el sur de Florida. Su visi\u00f3n era crear un lugar donde los ni\u00f1os pudieran contar con un equipo multidisciplinar que atendiera todas sus necesidades. Cuando Azul abri\u00f3 sus puertas, Yaite ya ten\u00eda a\u00f1os de experiencia como terapeuta ocupacional licenciada, ya que se hab\u00eda graduado en la Universidad Internacional de Florida. Poco despu\u00e9s, se dio cuenta de la importancia de la terapia conductual y decidi\u00f3 no s\u00f3lo ofrecerla como una de las disciplinas de Azul, sino tambi\u00e9n dominar el campo, obteniendo un m\u00e1ster en educaci\u00f3n con fundamentos en an\u00e1lisis de la conducta. Yaite es ahora un analista de la conducta con experiencia en el tratamiento y la evaluaci\u00f3n.<\/p>\n<p>[\/et_pb_text][\/et_pb_column][\/et_pb_row][et_pb_row column_structure=&#8221;1_2,1_2&#8243; use_custom_gutter=&#8221;on&#8221; gutter_width=&#8221;1&#8243; make_equal=&#8221;on&#8221; _builder_version=&#8221;4.18.0&#8243; custom_padding=&#8221;0|0px|0|0px|true|false&#8221; custom_css_main_element=&#8221;display: flex;||flex-wrap: wrap;&#8221; global_colors_info=&#8221;{}&#8221;][et_pb_column type=&#8221;1_2&#8243; _builder_version=&#8221;4.18.0&#8243; custom_padding=&#8221;|||&#8221; custom_css_main_element=&#8221;order: 2; &#8221; global_colors_info=&#8221;{}&#8221; custom_padding__hover=&#8221;|||&#8221;][et_pb_text _builder_version=&#8221;4.18.0&#8243; text_font=&#8221;Catamaran||||||||&#8221; text_text_color=&#8221;#000000&#8243; text_font_size=&#8221;17px&#8221; text_line_height=&#8221;1.8em&#8221; header_font=&#8221;Poppins|700|||||||&#8221; header_text_color=&#8221;#000000&#8243; header_line_height=&#8221;1.3em&#8221; module_alignment=&#8221;center&#8221; custom_padding=&#8221;140px|48px|140px|48px|true|true&#8221; custom_padding_tablet=&#8221;40px|30px|40px|30px|true|true&#8221; custom_padding_phone=&#8221;40px|30px|40px|30px|true&#8221; custom_padding_last_edited=&#8221;on|phone&#8221; header_font_size_tablet=&#8221;&#8221; header_font_size_phone=&#8221;25px&#8221; header_font_size_last_edited=&#8221;on|desktop&#8221; global_colors_info=&#8221;{}&#8221;]<\/p>\n<h1>Alejandra Cardeso<\/h1>\n<p>Se uni\u00f3 al equipo de Azul Therapy Services al principio de su andadura y, despu\u00e9s de seguir cada disciplina, decidi\u00f3 que el an\u00e1lisis de la conducta era el adecuado para ella debido a su fuerte \u00e9nfasis en los hallazgos bibliogr\u00e1ficos y las observaciones objetivas. Con una licenciatura en psicolog\u00eda por la Universidad Internacional de Florida y un m\u00e1ster en educaci\u00f3n con fundamentos en an\u00e1lisis de la conducta por la Universidad de Cincinnati, Alejandra tiene un profundo conocimiento de los conceptos de ABA y posee las habilidades para ense\u00f1arlos.<\/p>\n<p>[\/et_pb_text][\/et_pb_column][et_pb_column type=&#8221;1_2&#8243; _builder_version=&#8221;4.18.0&#8243; background_image=&#8221;https:\/\/abainter.com\/wp-content\/uploads\/2022\/09\/2-5.jpg&#8221; custom_padding=&#8221;|||&#8221; custom_css_main_element=&#8221;order: 1&#8243; box_shadow_style=&#8221;preset1&#8243; box_shadow_color=&#8221;#000000&#8243; global_colors_info=&#8221;{}&#8221; custom_padding__hover=&#8221;|||&#8221;][et_pb_divider show_divider=&#8221;off&#8221; disabled_on=&#8221;off|off|on&#8221; _builder_version=&#8221;4.18.0&#8243; custom_padding=&#8221;26%||26%||true&#8221; custom_padding_tablet=&#8221;26%||26%||true&#8221; custom_padding_phone=&#8221;50%||50%||true|false&#8221; custom_padding_last_edited=&#8221;on|phone&#8221; global_colors_info=&#8221;{}&#8221;][\/et_pb_divider][\/et_pb_column][\/et_pb_row][et_pb_row custom_padding_last_edited=&#8221;on|phone&#8221; _builder_version=&#8221;4.18.0&#8243; _module_preset=&#8221;default&#8221; custom_margin_tablet=&#8221;&#8221; custom_margin_phone=&#8221;-60px||||false|false&#8221; custom_margin_last_edited=&#8221;on|phone&#8221; custom_padding_tablet=&#8221;&#8221; custom_padding_phone=&#8221;0px||||false|false&#8221; global_colors_info=&#8221;{}&#8221;][et_pb_column type=&#8221;4_4&#8243; _builder_version=&#8221;4.18.0&#8243; _module_preset=&#8221;default&#8221; global_colors_info=&#8221;{}&#8221;][et_pb_text _builder_version=&#8221;4.18.0&#8243; _module_preset=&#8221;default&#8221; text_font=&#8221;Catamaran|700|||||||&#8221; text_text_color=&#8221;#0276C9&#8243; text_font_size=&#8221;21px&#8221; text_letter_spacing=&#8221;1px&#8221; text_line_height=&#8221;1.8em&#8221; width=&#8221;100%&#8221; max_width=&#8221;70%&#8221; module_alignment=&#8221;center&#8221; custom_margin=&#8221;52px|||||&#8221; global_colors_info=&#8221;{}&#8221;]<\/p>\n<p>Juntas, Yaite y Alejandra son pioneras en una academia internacional dedicada a la ense\u00f1anza de los principios del an\u00e1lisis de la conducta aplicado. Programe una consulta hoy mismo.<\/p>\n<p>[\/et_pb_text][\/et_pb_column][\/et_pb_row][\/et_pb_section]<\/p>\n","protected":false},"excerpt":{"rendered":"<p>Acerca de ABA\u00a0Academia Internacional\u00a0Tanto si quiere convertirse en terapeuta como si es un padre que busca ayuda, nuestro equipo de expertos est\u00e1 preparado para guiarle y proporcionarle las herramientas necesarias [&hellip;]<\/p>\n","protected":false},"author":1,"featured_media":0,"parent":0,"menu_order":0,"comment_status":"closed","ping_status":"closed","template":"","meta":{"_et_pb_use_builder":"on","_et_pb_old_content":"","_et_gb_content_width":"","footnotes":""},"class_list":["post-50075","page","type-page","status-publish","hentry"],"aioseo_notices":[],"_links":{"self":[{"href":"https:\/\/abainter.com\/es\/wp-json\/wp\/v2\/pages\/50075","targetHints":{"allow":["GET"]}}],"collection":[{"href":"https:\/\/abainter.com\/es\/wp-json\/wp\/v2\/pages"}],"about":[{"href":"https:\/\/abainter.com\/es\/wp-json\/wp\/v2\/types\/page"}],"author":[{"embeddable":true,"href":"https:\/\/abainter.com\/es\/wp-json\/wp\/v2\/users\/1"}],"replies":[{"embeddable":true,"href":"https:\/\/abainter.com\/es\/wp-json\/wp\/v2\/comments?post=50075"}],"version-history":[{"count":8,"href":"https:\/\/abainter.com\/es\/wp-json\/wp\/v2\/pages\/50075\/revisions"}],"predecessor-version":[{"id":257323,"href":"https:\/\/abainter.com\/es\/wp-json\/wp\/v2\/pages\/50075\/revisions\/257323"}],"wp:attachment":[{"href":"https:\/\/abainter.com\/es\/wp-json\/wp\/v2\/media?parent=50075"}],"curies":[{"name":"wp","href":"https:\/\/api.w.org\/{rel}","templated":true}]}}