{"id":251211,"date":"2023-07-02T13:03:36","date_gmt":"2023-07-02T17:03:36","guid":{"rendered":"https:\/\/abainter.com\/todos-los-eventos-pasados-y-actuales\/"},"modified":"2024-09-25T12:29:03","modified_gmt":"2024-09-25T16:29:03","slug":"todos-los-eventos-pasados-y-actuales","status":"publish","type":"page","link":"https:\/\/abainter.com\/es\/todos-los-eventos-pasados-y-actuales\/","title":{"rendered":"Todos los eventos pasados y actuales"},"content":{"rendered":"<p>[et_pb_section fb_built=&#8221;1&#8243; _builder_version=&#8221;4.18.1&#8243; _module_preset=&#8221;default&#8221; da_disable_devices=&#8221;off|off|off&#8221; global_colors_info=&#8221;{}&#8221; da_is_popup=&#8221;off&#8221; da_exit_intent=&#8221;off&#8221; da_has_close=&#8221;on&#8221; da_alt_close=&#8221;off&#8221; da_dark_close=&#8221;off&#8221; da_not_modal=&#8221;on&#8221; da_is_singular=&#8221;off&#8221; da_with_loader=&#8221;off&#8221; da_has_shadow=&#8221;on&#8221;][et_pb_row _builder_version=&#8221;4.21.0&#8243; _module_preset=&#8221;default&#8221; global_colors_info=&#8221;{}&#8221;][et_pb_column type=&#8221;4_4&#8243; _builder_version=&#8221;4.21.0&#8243; _module_preset=&#8221;default&#8221; global_colors_info=&#8221;{}&#8221;][et_pb_text _builder_version=&#8221;4.21.0&#8243; header_3_font=&#8221;Catamaran|700|||||||&#8221; header_3_text_align=&#8221;left&#8221; header_3_text_color=&#8221;#0276C9&#8243; header_3_font_size=&#8221;40px&#8221; header_3_font_size_tablet=&#8221;45px&#8221; header_3_font_size_phone=&#8221;35px&#8221; header_3_font_size_last_edited=&#8221;on|phone&#8221; global_colors_info=&#8221;{}&#8221;]<\/p>\n<h3 style=\"text-align: center;\">Vea nuestros eventos pasados y pr\u00f3ximos<\/h3>\n<p>[\/et_pb_text][\/et_pb_column][\/et_pb_row][et_pb_row column_structure=&#8221;1_3,1_3,1_3&#8243; use_custom_gutter=&#8221;on&#8221; gutter_width=&#8221;2&#8243; _builder_version=&#8221;4.21.0&#8243; _module_preset=&#8221;default&#8221; width=&#8221;52%&#8221; max_width=&#8221;1280px&#8221; global_colors_info=&#8221;{}&#8221;][et_pb_column type=&#8221;1_3&#8243; _builder_version=&#8221;4.18.1&#8243; _module_preset=&#8221;default&#8221; global_colors_info=&#8221;{}&#8221;][et_pb_blurb title=&#8221;Todos los a\u00f1os&#8221; module_class=&#8221;rv_button1 closed&#8221; _builder_version=&#8221;4.21.0&#8243; _module_preset=&#8221;default&#8221; header_font=&#8221;Poppins||||||||&#8221; header_text_color=&#8221;#0276C9&#8243; background_color=&#8221;#EAEAEA&#8221; text_orientation=&#8221;center&#8221; custom_padding=&#8221;20px|20px|20px|20px|true|true&#8221; link_option_url=&#8221;#reveal1&#8243; border_radii=&#8221;on|10px|10px|10px|10px&#8221; box_shadow_style=&#8221;preset1&#8243; global_colors_info=&#8221;{}&#8221; box_shadow_color__hover_enabled=&#8221;on|hover&#8221; box_shadow_color__hover=&#8221;rgba(34,32,32,0.79)&#8221; background__hover_enabled=&#8221;on|hover&#8221; background_color__hover=&#8221;#FFFFFF&#8221; background_enable_color__hover=&#8221;on&#8221;][\/et_pb_blurb][\/et_pb_column][et_pb_column type=&#8221;1_3&#8243; _builder_version=&#8221;4.18.1&#8243; _module_preset=&#8221;default&#8221; global_colors_info=&#8221;{}&#8221;][et_pb_blurb title=&#8221;2022&#8243; module_class=&#8221;rv_button2 closed&#8221; _builder_version=&#8221;4.21.0&#8243; _module_preset=&#8221;default&#8221; header_font=&#8221;Poppins||||||||&#8221; header_text_color=&#8221;#0276C9&#8243; background_color=&#8221;#EAEAEA&#8221; text_orientation=&#8221;center&#8221; custom_padding=&#8221;20px|20px|20px|20px|true|true&#8221; link_option_url=&#8221;#reveal2&#8243; border_radii=&#8221;on|10px|10px|10px|10px&#8221; box_shadow_style=&#8221;preset1&#8243; global_colors_info=&#8221;{}&#8221; background_color__hover=&#8221;#FFFFFF&#8221; background_enable_color__hover=&#8221;on&#8221; box_shadow_color__hover=&#8221;rgba(34,32,32,0.79)&#8221; box_shadow_color__hover_enabled=&#8221;on|hover&#8221; background__hover_enabled=&#8221;on|hover&#8221;][\/et_pb_blurb][\/et_pb_column][et_pb_column type=&#8221;1_3&#8243; _builder_version=&#8221;4.18.1&#8243; _module_preset=&#8221;default&#8221; global_colors_info=&#8221;{}&#8221;][et_pb_blurb title=&#8221;2023&#8243; module_class=&#8221;rv_button3 closed&#8221; _builder_version=&#8221;4.21.0&#8243; _module_preset=&#8221;default&#8221; header_font=&#8221;Poppins||||||||&#8221; header_text_color=&#8221;#0276C9&#8243; background_color=&#8221;#EAEAEA&#8221; text_orientation=&#8221;center&#8221; custom_padding=&#8221;20px|20px|20px|20px|true|true&#8221; link_option_url=&#8221;#reveal3&#8243; border_radii=&#8221;on|10px|10px|10px|10px&#8221; box_shadow_style=&#8221;preset1&#8243; global_colors_info=&#8221;{}&#8221; background_color__hover=&#8221;#FFFFFF&#8221; background__hover_enabled=&#8221;on|hover&#8221; background_enable_color__hover=&#8221;on&#8221; box_shadow_color__hover=&#8221;rgba(34,32,32,0.79)&#8221; box_shadow_color__hover_enabled=&#8221;on|hover&#8221;][\/et_pb_blurb][\/et_pb_column][\/et_pb_row][\/et_pb_section][et_pb_section fb_built=&#8221;1&#8243; module_id=&#8221;revelar1&#8243; _builder_version=&#8221;4.18.1&#8243; _module_preset=&#8221;default&#8221; da_disable_devices=&#8221;off|off|off&#8221; global_colors_info=&#8221;{}&#8221; da_is_popup=&#8221;off&#8221; da_exit_intent=&#8221;off&#8221; da_has_close=&#8221;on&#8221; da_alt_close=&#8221;off&#8221; da_dark_close=&#8221;off&#8221; da_not_modal=&#8221;on&#8221; da_is_singular=&#8221;off&#8221; da_with_loader=&#8221;off&#8221; da_has_shadow=&#8221;on&#8221;][et_pb_row _builder_version=&#8221;4.18.1&#8243; _module_preset=&#8221;default&#8221; global_colors_info=&#8221;{}&#8221;][et_pb_column type=&#8221;4_4&#8243; _builder_version=&#8221;4.18.1&#8243; _module_preset=&#8221;default&#8221; global_colors_info=&#8221;{}&#8221;][et_pb_text _builder_version=&#8221;4.21.0&#8243; _module_preset=&#8221;default&#8221; header_2_font=&#8221;|600|||||||&#8221; header_2_text_color=&#8221;#0276C9&#8243; custom_margin=&#8221;||0px||false|false&#8221; global_colors_info=&#8221;{}&#8221;]<\/p>\n<h2 style=\"text-align: center;\">Todos los eventos<\/h2>\n<p>[\/et_pb_text][\/et_pb_column][\/et_pb_row][et_pb_row column_structure=&#8221;1_2,1_2&#8243; use_custom_gutter=&#8221;on&#8221; gutter_width=&#8221;2&#8243; _builder_version=&#8221;4.16&#8243; global_colors_info=&#8221;{}&#8221;][et_pb_column type=&#8221;1_2&#8243; _builder_version=&#8221;4.16&#8243; custom_padding=&#8221;|||&#8221; global_colors_info=&#8221;{}&#8221; custom_padding__hover=&#8221;|||&#8221;][et_pb_text _builder_version=&#8221;4.21.0&#8243; _module_preset=&#8221;default&#8221; header_2_font=&#8221;|600|||||||&#8221; header_2_text_color=&#8221;#0276C9&#8243; custom_margin=&#8221;||0px||false|false&#8221; global_colors_info=&#8221;{}&#8221;]<\/p>\n<h2 style=\"text-align: center;\"><span>Exposici\u00f3n en la 49 Convenci\u00f3n Anual de la ABAI<\/span><\/h2>\n<p>[\/et_pb_text][et_pb_image src=&#8221;https:\/\/abainter.com\/wp-content\/uploads\/2023\/06\/Video-Coming-Soon-397-\u00d7-222-px.jpg&#8221; title_text=&#8221;V\u00eddeo pr\u00f3ximamente (397 \u00d7 222 px)&#8221; force_fullwidth=&#8221;on&#8221; _builder_version=&#8221;4.21.0&#8243; _module_preset=&#8221;default&#8221; global_colors_info=&#8221;{}&#8221;][\/et_pb_image][et_pb_text _builder_version=&#8221;4.21.0&#8243; _module_preset=&#8221;default&#8221; text_font=&#8221;Poppins||||||||&#8221; text_text_color=&#8221;#000000&#8243; global_colors_info=&#8221;{}&#8221;]<\/p>\n<p><span style=\"color: #0276c9;\">Fecha:<\/span> 27\/05\/2023 &#8211; 29\/05\/2023<\/p>\n<p>[\/et_pb_text][et_pb_text _builder_version=&#8221;4.21.0&#8243; _module_preset=&#8221;default&#8221; text_font=&#8221;Poppins||||||||&#8221; text_text_color=&#8221;#000000&#8243; global_colors_info=&#8221;{}&#8221;]<\/p>\n<p><span class=\"dmach-acf-label\"><br \/>\n  <span style=\"color: #0276c9;\">Ubicaci\u00f3n<\/span><br \/>\n  <span class=\"dmach-seperator\"><br \/>\n    <span style=\"color: #0276c9;\">:<\/span><br \/>\n    <span> <\/span><br \/>\n  <\/span><br \/>\n<\/span><span>Centro de Convenciones de Colorado<\/span><\/p>\n<p>[\/et_pb_text][et_pb_text _builder_version=&#8221;4.21.0&#8243; _module_preset=&#8221;default&#8221; text_font=&#8221;Poppins||||||||&#8221; text_text_color=&#8221;#000000&#8243; global_colors_info=&#8221;{}&#8221;]<\/p>\n<p><span class=\"dmach-acf-label\"><br \/>\n  <span style=\"color: #0276c9;\">Descripci\u00f3n<\/span><br \/>\n  <span class=\"dmach-seperator\"><br \/>\n    <span style=\"color: #0276c9;\">:<\/span><br \/>\n    <span> <\/span><br \/>\n  <\/span><br \/>\n<\/span><span>\u00danase a nosotros en esta conferencia de tres d\u00edas durante la cual estaremos presentes en el stand n\u00ba 171 compartiendo informaci\u00f3n sobre todos nuestros servicios y regalando obsequios.<\/span><\/p>\n<p>[\/et_pb_text][\/et_pb_column][et_pb_column type=&#8221;1_2&#8243; _builder_version=&#8221;4.16&#8243; custom_padding=&#8221;|||&#8221; global_colors_info=&#8221;{}&#8221; custom_padding__hover=&#8221;|||&#8221;][et_pb_text _builder_version=&#8221;4.21.0&#8243; _module_preset=&#8221;default&#8221; header_2_font=&#8221;|600|||||||&#8221; header_2_text_color=&#8221;#0276C9&#8243; min_height=&#8221;65px&#8221; custom_margin=&#8221;||0px||false|false&#8221; global_colors_info=&#8221;{}&#8221;]<\/p>\n<h2 style=\"text-align: center;\"><span>Exposici\u00f3n en CoFABA 2023<\/span><\/h2>\n<p>[\/et_pb_text][et_pb_video src=&#8221;https:\/\/youtu.be\/dnjFIbYMShc&#8221; _builder_version=&#8221;4.21.0&#8243; _module_preset=&#8221;default&#8221; custom_margin=&#8221;-3px|||||&#8221; global_colors_info=&#8221;{}&#8221;][\/et_pb_video][et_pb_text _builder_version=&#8221;4.21.0&#8243; _module_preset=&#8221;default&#8221; text_font=&#8221;Poppins||||||||&#8221; text_text_color=&#8221;#000000&#8243; global_colors_info=&#8221;{}&#8221;]<\/p>\n<p><span class=\"dmach-acf-label\"><br \/>\n  <span style=\"color: #0276c9;\">Fecha<\/span><br \/>\n  <span class=\"dmach-seperator\"><br \/>\n    <span style=\"color: #0276c9;\">:<\/span><br \/>\n    <span> <\/span><br \/>\n  <\/span><br \/>\n<\/span><span>05\/12\/2023<\/span><\/p>\n<p>[\/et_pb_text][et_pb_text _builder_version=&#8221;4.21.0&#8243; _module_preset=&#8221;default&#8221; text_font=&#8221;Poppins||||||||&#8221; text_text_color=&#8221;#000000&#8243; global_colors_info=&#8221;{}&#8221;]<\/p>\n<p><span class=\"dmach-acf-label\"><br \/>\n  <span style=\"color: #0276c9;\">Ubicaci\u00f3n<\/span><br \/>\n  <span class=\"dmach-seperator\"><br \/>\n    <span style=\"color: #0276c9;\">:<\/span><br \/>\n    <span> <\/span><br \/>\n  <\/span><br \/>\n<\/span><span>12676 Gemini Blvd N Orlando, FL 32816<\/span><\/p>\n<p>[\/et_pb_text][et_pb_text _builder_version=&#8221;4.21.0&#8243; _module_preset=&#8221;default&#8221; text_font=&#8221;Poppins||||||||&#8221; text_text_color=&#8221;#000000&#8243; global_colors_info=&#8221;{}&#8221;]<\/p>\n<p><span class=\"dmach-acf-label\"><br \/>\n  <span style=\"color: #0276c9;\">Descripci\u00f3n<\/span><br \/>\n  <span class=\"dmach-seperator\"><br \/>\n    <span style=\"color: #0276c9;\">:<\/span><br \/>\n    <span> <\/span><br \/>\n  <\/span><br \/>\n<\/span><span>\u00danase a nosotros en esta conferencia de un d\u00eda en la que ABA International Academy tiene una exposici\u00f3n para compartir informaci\u00f3n sobre cursos, revisiones, oportunidades de empleo y mucho m\u00e1s.<\/span><\/p>\n<p>[\/et_pb_text][\/et_pb_column][\/et_pb_row][et_pb_row column_structure=&#8221;1_2,1_2&#8243; use_custom_gutter=&#8221;on&#8221; gutter_width=&#8221;2&#8243; _builder_version=&#8221;4.16&#8243; global_colors_info=&#8221;{}&#8221;][et_pb_column type=&#8221;1_2&#8243; _builder_version=&#8221;4.16&#8243; custom_padding=&#8221;|||&#8221; global_colors_info=&#8221;{}&#8221; custom_padding__hover=&#8221;|||&#8221;][et_pb_text _builder_version=&#8221;4.21.0&#8243; _module_preset=&#8221;default&#8221; header_2_font=&#8221;|600|||||||&#8221; header_2_text_color=&#8221;#0276C9&#8243; custom_margin=&#8221;||0px||false|false&#8221; global_colors_info=&#8221;{}&#8221;]<\/p>\n<h2 style=\"text-align: center;\"><span class=\"dmach-acf-label\">Evento<span class=\"dmach-seperator\">:<span> <\/span><\/span><\/span><span>Azul Therapy Services presenta una conferencia sobre autismo y ABA.<\/span><\/h2>\n<p>[\/et_pb_text][et_pb_video src=&#8221;https:\/\/youtu.be\/72gKP9Z8TTY&#8221; _builder_version=&#8221;4.21.0&#8243; _module_preset=&#8221;default&#8221; global_colors_info=&#8221;{}&#8221;][\/et_pb_video][et_pb_text _builder_version=&#8221;4.21.0&#8243; _module_preset=&#8221;default&#8221; text_font=&#8221;Poppins||||||||&#8221; text_text_color=&#8221;#000000&#8243; global_colors_info=&#8221;{}&#8221;]<\/p>\n<p><span class=\"dmach-acf-label\"><br \/>\n  <span style=\"color: #0276c9;\">Fecha<\/span><br \/>\n  <span class=\"dmach-seperator\"><br \/>\n    <span style=\"color: #0276c9;\">:<\/span><br \/>\n    <span> <\/span><br \/>\n  <\/span><br \/>\n<\/span><span>10\/06\/2022<\/span><\/p>\n<p>[\/et_pb_text][et_pb_text _builder_version=&#8221;4.21.0&#8243; _module_preset=&#8221;default&#8221; text_font=&#8221;Poppins||||||||&#8221; text_text_color=&#8221;#000000&#8243; global_colors_info=&#8221;{}&#8221;]<\/p>\n<p><span class=\"dmach-acf-label\"><br \/>\n  <span style=\"color: #0276c9;\">Ubicaci\u00f3n<\/span><br \/>\n  <span class=\"dmach-seperator\"><br \/>\n    <span style=\"color: #0276c9;\">:<\/span><br \/>\n    <span> <\/span><br \/>\n  <\/span><br \/>\n<\/span><span>The Westin Lima Hotel y Centro de Convenciones.<\/span><\/p>\n<p>[\/et_pb_text][et_pb_text _builder_version=&#8221;4.21.0&#8243; _module_preset=&#8221;default&#8221; text_font=&#8221;Poppins||||||||&#8221; text_text_color=&#8221;#000000&#8243; global_colors_info=&#8221;{}&#8221;]<\/p>\n<p><span class=\"dmach-acf-label\"><br \/>\n  <span style=\"color: #0276c9;\">Descripci\u00f3n<\/span><br \/>\n  <span class=\"dmach-seperator\"><br \/>\n    <span style=\"color: #0276c9;\">:<\/span><br \/>\n    <span> <\/span><br \/>\n  <\/span><br \/>\n<\/span><span>Le invitamos a unirse a nosotros para una presentaci\u00f3n sobre el an\u00e1lisis aplicado del comportamiento y su impacto positivo en la comunidad pedi\u00e1trica, espec\u00edficamente aquellos con necesidades especiales.<\/span><\/p>\n<p>[\/et_pb_text][\/et_pb_column][et_pb_column type=&#8221;1_2&#8243; _builder_version=&#8221;4.16&#8243; custom_padding=&#8221;|||&#8221; global_colors_info=&#8221;{}&#8221; custom_padding__hover=&#8221;|||&#8221;][\/et_pb_column][\/et_pb_row][\/et_pb_section][et_pb_section fb_built=&#8221;1&#8243; module_id=&#8221;revelar2&#8243; _builder_version=&#8221;4.19.0&#8243; _module_preset=&#8221;default&#8221; da_disable_devices=&#8221;off|off|off&#8221; global_colors_info=&#8221;{}&#8221; da_is_popup=&#8221;off&#8221; da_exit_intent=&#8221;off&#8221; da_has_close=&#8221;on&#8221; da_alt_close=&#8221;off&#8221; da_dark_close=&#8221;off&#8221; da_not_modal=&#8221;on&#8221; da_is_singular=&#8221;off&#8221; da_with_loader=&#8221;off&#8221; da_has_shadow=&#8221;on&#8221;][et_pb_row _builder_version=&#8221;4.18.1&#8243; _module_preset=&#8221;default&#8221; global_colors_info=&#8221;{}&#8221;][et_pb_column type=&#8221;4_4&#8243; _builder_version=&#8221;4.18.1&#8243; _module_preset=&#8221;default&#8221; global_colors_info=&#8221;{}&#8221;][et_pb_text _builder_version=&#8221;4.21.0&#8243; _module_preset=&#8221;default&#8221; header_2_font=&#8221;|600|||||||&#8221; header_2_text_color=&#8221;#0276C9&#8243; custom_margin=&#8221;||0px||false|false&#8221; global_colors_info=&#8221;{}&#8221;]<\/p>\n<h2 style=\"text-align: center;\">A\u00f1o 2022<\/h2>\n<p>[\/et_pb_text][\/et_pb_column][\/et_pb_row][et_pb_row column_structure=&#8221;1_2,1_2&#8243; use_custom_gutter=&#8221;on&#8221; gutter_width=&#8221;2&#8243; _builder_version=&#8221;4.16&#8243; global_colors_info=&#8221;{}&#8221;][et_pb_column type=&#8221;1_2&#8243; _builder_version=&#8221;4.16&#8243; custom_padding=&#8221;|||&#8221; global_colors_info=&#8221;{}&#8221; custom_padding__hover=&#8221;|||&#8221;][et_pb_text _builder_version=&#8221;4.21.0&#8243; _module_preset=&#8221;default&#8221; header_2_font=&#8221;|600|||||||&#8221; header_2_text_color=&#8221;#0276C9&#8243; custom_margin=&#8221;||0px||false|false&#8221; global_colors_info=&#8221;{}&#8221;]<\/p>\n<h2 style=\"text-align: center;\"><span class=\"dmach-acf-label\">Evento<span class=\"dmach-seperator\">:<span> <\/span><\/span><\/span><span>Azul Therapy Services presenta una conferencia sobre autismo y ABA.<\/span><\/h2>\n<p>[\/et_pb_text][et_pb_video src=&#8221;https:\/\/youtu.be\/72gKP9Z8TTY&#8221; _builder_version=&#8221;4.21.0&#8243; _module_preset=&#8221;default&#8221; global_colors_info=&#8221;{}&#8221;][\/et_pb_video][et_pb_text _builder_version=&#8221;4.21.0&#8243; _module_preset=&#8221;default&#8221; text_font=&#8221;Poppins||||||||&#8221; text_text_color=&#8221;#000000&#8243; global_colors_info=&#8221;{}&#8221;]<\/p>\n<p><span class=\"dmach-acf-label\"><br \/>\n  <span style=\"color: #0276c9;\">Fecha<\/span><br \/>\n  <span class=\"dmach-seperator\"><br \/>\n    <span style=\"color: #0276c9;\">:<\/span><br \/>\n    <span> <\/span><br \/>\n  <\/span><br \/>\n<\/span><span>10\/06\/2022<\/span><\/p>\n<p>[\/et_pb_text][et_pb_text _builder_version=&#8221;4.21.0&#8243; _module_preset=&#8221;default&#8221; text_font=&#8221;Poppins||||||||&#8221; text_text_color=&#8221;#000000&#8243; global_colors_info=&#8221;{}&#8221;]<\/p>\n<p><span class=\"dmach-acf-label\"><br \/>\n  <span style=\"color: #0276c9;\">Ubicaci\u00f3n<\/span><br \/>\n  <span class=\"dmach-seperator\"><br \/>\n    <span style=\"color: #0276c9;\">:<\/span><br \/>\n    <span> <\/span><br \/>\n  <\/span><br \/>\n<\/span><span>The Westin Lima Hotel y Centro de Convenciones.<\/span><\/p>\n<p>[\/et_pb_text][et_pb_text _builder_version=&#8221;4.21.0&#8243; _module_preset=&#8221;default&#8221; text_font=&#8221;Poppins||||||||&#8221; text_text_color=&#8221;#000000&#8243; global_colors_info=&#8221;{}&#8221;]<\/p>\n<p><span class=\"dmach-acf-label\"><br \/>\n  <span style=\"color: #0276c9;\">Descripci\u00f3n<\/span><br \/>\n  <span class=\"dmach-seperator\"><br \/>\n    <span style=\"color: #0276c9;\">:<\/span><br \/>\n    <span> <\/span><br \/>\n  <\/span><br \/>\n<\/span><span>Le invitamos a unirse a nosotros para una presentaci\u00f3n sobre el an\u00e1lisis aplicado del comportamiento y su impacto positivo en la comunidad pedi\u00e1trica, espec\u00edficamente aquellos con necesidades especiales.<\/span><\/p>\n<p>[\/et_pb_text][\/et_pb_column][et_pb_column type=&#8221;1_2&#8243; _builder_version=&#8221;4.16&#8243; custom_padding=&#8221;|||&#8221; global_colors_info=&#8221;{}&#8221; custom_padding__hover=&#8221;|||&#8221;][\/et_pb_column][\/et_pb_row][\/et_pb_section][et_pb_section fb_built=&#8221;1&#8243; module_id=&#8221;revelar3&#8243; _builder_version=&#8221;4.21.0&#8243; _module_preset=&#8221;default&#8221; custom_margin=&#8221;||100px||false|false&#8221; da_disable_devices=&#8221;off|off|off&#8221; global_colors_info=&#8221;{}&#8221; da_is_popup=&#8221;off&#8221; da_exit_intent=&#8221;off&#8221; da_has_close=&#8221;on&#8221; da_alt_close=&#8221;off&#8221; da_dark_close=&#8221;off&#8221; da_not_modal=&#8221;on&#8221; da_is_singular=&#8221;off&#8221; da_with_loader=&#8221;off&#8221; da_has_shadow=&#8221;on&#8221;][et_pb_row _builder_version=&#8221;4.18.1&#8243; _module_preset=&#8221;default&#8221; global_colors_info=&#8221;{}&#8221;][et_pb_column type=&#8221;4_4&#8243; _builder_version=&#8221;4.18.1&#8243; _module_preset=&#8221;default&#8221; global_colors_info=&#8221;{}&#8221;][et_pb_text _builder_version=&#8221;4.21.0&#8243; _module_preset=&#8221;default&#8221; header_2_font=&#8221;|600|||||||&#8221; header_2_text_color=&#8221;#0276C9&#8243; custom_margin=&#8221;||0px||false|false&#8221; global_colors_info=&#8221;{}&#8221;]<\/p>\n<h2 style=\"text-align: center;\">A\u00f1o 2023<\/h2>\n<p>[\/et_pb_text][\/et_pb_column][\/et_pb_row][et_pb_row column_structure=&#8221;1_2,1_2&#8243; use_custom_gutter=&#8221;on&#8221; gutter_width=&#8221;2&#8243; _builder_version=&#8221;4.16&#8243; locked=&#8221;off&#8221; global_colors_info=&#8221;{}&#8221;][et_pb_column type=&#8221;1_2&#8243; _builder_version=&#8221;4.16&#8243; custom_padding=&#8221;|||&#8221; global_colors_info=&#8221;{}&#8221; custom_padding__hover=&#8221;|||&#8221;][et_pb_text _builder_version=&#8221;4.21.0&#8243; _module_preset=&#8221;default&#8221; header_2_font=&#8221;|600|||||||&#8221; header_2_text_color=&#8221;#0276C9&#8243; custom_margin=&#8221;||0px||false|false&#8221; global_colors_info=&#8221;{}&#8221;]<\/p>\n<h2 style=\"text-align: center;\"><span>Exposici\u00f3n en la 49 Convenci\u00f3n Anual de la ABAI<\/span><\/h2>\n<p>[\/et_pb_text][et_pb_image src=&#8221;https:\/\/abainter.com\/wp-content\/uploads\/2023\/06\/Video-Coming-Soon-397-\u00d7-222-px.jpg&#8221; title_text=&#8221;V\u00eddeo pr\u00f3ximamente (397 \u00d7 222 px)&#8221; force_fullwidth=&#8221;on&#8221; _builder_version=&#8221;4.21.0&#8243; _module_preset=&#8221;default&#8221; global_colors_info=&#8221;{}&#8221;][\/et_pb_image][et_pb_text _builder_version=&#8221;4.21.0&#8243; _module_preset=&#8221;default&#8221; text_font=&#8221;Poppins||||||||&#8221; text_text_color=&#8221;#000000&#8243; global_colors_info=&#8221;{}&#8221;]<\/p>\n<p><span style=\"color: #0276c9;\">Fecha:<\/span> 27\/05\/2023 &#8211; 29\/05\/2023<\/p>\n<p>[\/et_pb_text][et_pb_text _builder_version=&#8221;4.21.0&#8243; _module_preset=&#8221;default&#8221; text_font=&#8221;Poppins||||||||&#8221; text_text_color=&#8221;#000000&#8243; global_colors_info=&#8221;{}&#8221;]<\/p>\n<p><span class=\"dmach-acf-label\"><br \/>\n  <span style=\"color: #0276c9;\">Ubicaci\u00f3n<\/span><br \/>\n  <span class=\"dmach-seperator\"><br \/>\n    <span style=\"color: #0276c9;\">:<\/span><br \/>\n    <span> <\/span><br \/>\n  <\/span><br \/>\n<\/span><span>Centro de Convenciones de Colorado<\/span><\/p>\n<p>[\/et_pb_text][et_pb_text _builder_version=&#8221;4.21.0&#8243; _module_preset=&#8221;default&#8221; text_font=&#8221;Poppins||||||||&#8221; text_text_color=&#8221;#000000&#8243; global_colors_info=&#8221;{}&#8221;]<\/p>\n<p><span class=\"dmach-acf-label\"><br \/>\n  <span style=\"color: #0276c9;\">Descripci\u00f3n<\/span><br \/>\n  <span class=\"dmach-seperator\"><br \/>\n    <span style=\"color: #0276c9;\">:<\/span><br \/>\n    <span> <\/span><br \/>\n  <\/span><br \/>\n<\/span><span>\u00danase a nosotros en esta conferencia de tres d\u00edas durante la cual estaremos presentes en el stand n\u00ba 171 compartiendo informaci\u00f3n sobre todos nuestros servicios y regalando obsequios.<\/span><\/p>\n<p>[\/et_pb_text][\/et_pb_column][et_pb_column type=&#8221;1_2&#8243; _builder_version=&#8221;4.16&#8243; custom_padding=&#8221;|||&#8221; global_colors_info=&#8221;{}&#8221; custom_padding__hover=&#8221;|||&#8221;][et_pb_text _builder_version=&#8221;4.21.0&#8243; _module_preset=&#8221;default&#8221; header_2_font=&#8221;|600|||||||&#8221; header_2_text_color=&#8221;#0276C9&#8243; min_height=&#8221;65px&#8221; custom_margin=&#8221;||0px||false|false&#8221; global_colors_info=&#8221;{}&#8221;]<\/p>\n<h2 style=\"text-align: center;\"><span>Exposici\u00f3n en CoFABA 2023<\/span><\/h2>\n<p>[\/et_pb_text][et_pb_video src=&#8221;https:\/\/youtu.be\/dnjFIbYMShc&#8221; _builder_version=&#8221;4.21.0&#8243; _module_preset=&#8221;default&#8221; custom_margin=&#8221;-3px|||||&#8221; global_colors_info=&#8221;{}&#8221;][\/et_pb_video][et_pb_text _builder_version=&#8221;4.21.0&#8243; _module_preset=&#8221;default&#8221; text_font=&#8221;Poppins||||||||&#8221; text_text_color=&#8221;#000000&#8243; global_colors_info=&#8221;{}&#8221;]<\/p>\n<p><span class=\"dmach-acf-label\"><br \/>\n  <span style=\"color: #0276c9;\">Fecha<\/span><br \/>\n  <span class=\"dmach-seperator\"><br \/>\n    <span style=\"color: #0276c9;\">:<\/span><br \/>\n    <span> <\/span><br \/>\n  <\/span><br \/>\n<\/span><span>05\/12\/2023<\/span><\/p>\n<p>[\/et_pb_text][et_pb_text _builder_version=&#8221;4.21.0&#8243; _module_preset=&#8221;default&#8221; text_font=&#8221;Poppins||||||||&#8221; text_text_color=&#8221;#000000&#8243; global_colors_info=&#8221;{}&#8221;]<\/p>\n<p><span class=\"dmach-acf-label\"><br \/>\n  <span style=\"color: #0276c9;\">Ubicaci\u00f3n<\/span><br \/>\n  <span class=\"dmach-seperator\"><br \/>\n    <span style=\"color: #0276c9;\">:<\/span><br \/>\n    <span> <\/span><br \/>\n  <\/span><br \/>\n<\/span><span>12676 Gemini Blvd N Orlando, FL 32816<\/span><\/p>\n<p>[\/et_pb_text][et_pb_text _builder_version=&#8221;4.21.0&#8243; _module_preset=&#8221;default&#8221; text_font=&#8221;Poppins||||||||&#8221; text_text_color=&#8221;#000000&#8243; global_colors_info=&#8221;{}&#8221;]<\/p>\n<p><span class=\"dmach-acf-label\"><br \/>\n  <span style=\"color: #0276c9;\">Descripci\u00f3n<\/span><br \/>\n  <span class=\"dmach-seperator\"><br \/>\n    <span style=\"color: #0276c9;\">:<\/span><br \/>\n    <span> <\/span><br \/>\n  <\/span><br \/>\n<\/span><span>\u00danase a nosotros en esta conferencia de un d\u00eda en la que ABA International Academy tiene una exposici\u00f3n para compartir informaci\u00f3n sobre cursos, revisiones, oportunidades de empleo y mucho m\u00e1s.<\/span><\/p>\n<p>[\/et_pb_text][\/et_pb_column][\/et_pb_row][\/et_pb_section]<\/p>\n","protected":false},"excerpt":{"rendered":"<p>Vea nuestros eventos pasados y pr\u00f3ximosTodos los eventosExposici\u00f3n en la 49 Convenci\u00f3n Anual de la ABAIFecha: 27\/05\/2023 &#8211; 29\/05\/2023 Ubicaci\u00f3n : Centro de Convenciones de Colorado Descripci\u00f3n : \u00danase a [&hellip;]<\/p>\n","protected":false},"author":1,"featured_media":0,"parent":0,"menu_order":0,"comment_status":"closed","ping_status":"closed","template":"","meta":{"_et_pb_use_builder":"on","_et_pb_old_content":"","_et_gb_content_width":"","footnotes":""},"class_list":["post-251211","page","type-page","status-publish","hentry"],"aioseo_notices":[],"_links":{"self":[{"href":"https:\/\/abainter.com\/es\/wp-json\/wp\/v2\/pages\/251211","targetHints":{"allow":["GET"]}}],"collection":[{"href":"https:\/\/abainter.com\/es\/wp-json\/wp\/v2\/pages"}],"about":[{"href":"https:\/\/abainter.com\/es\/wp-json\/wp\/v2\/types\/page"}],"author":[{"embeddable":true,"href":"https:\/\/abainter.com\/es\/wp-json\/wp\/v2\/users\/1"}],"replies":[{"embeddable":true,"href":"https:\/\/abainter.com\/es\/wp-json\/wp\/v2\/comments?post=251211"}],"version-history":[{"count":3,"href":"https:\/\/abainter.com\/es\/wp-json\/wp\/v2\/pages\/251211\/revisions"}],"predecessor-version":[{"id":257314,"href":"https:\/\/abainter.com\/es\/wp-json\/wp\/v2\/pages\/251211\/revisions\/257314"}],"wp:attachment":[{"href":"https:\/\/abainter.com\/es\/wp-json\/wp\/v2\/media?parent=251211"}],"curies":[{"name":"wp","href":"https:\/\/api.w.org\/{rel}","templated":true}]}}